{"id":1936,"date":"2023-06-26T10:41:53","date_gmt":"2023-06-26T08:41:53","guid":{"rendered":"https:\/\/mobire.ee\/?page_id=1936"},"modified":"2023-12-31T12:57:42","modified_gmt":"2023-12-31T10:57:42","slug":"investeerimisfestival","status":"publish","type":"page","link":"https:\/\/mobire.ee\/en\/investeerimisfestival\/","title":{"rendered":"V\u00f5ida Mercedes-Benz EQB 300 4MATIC kasutamis\u00f5igus"},"content":{"rendered":"\n<p><strong>KAMPAANIA TINGIMUSED<\/strong><\/p>\n\n\n\n<ul class=\"wp-block-list\">\n<li>Kampaania auhinnaks on t\u00e4iselektrilise Mercedes-Benz EQB 300 4MATIC kasutamis\u00f5igus \u00fcheks n\u00e4dalavahetuseks (N-E). <\/li>\n\n\n\n<li>Loosimine toimub 13.07.2023 k\u00f5igi Mobire uudiskirjaga liitujate vahel perioodil 7.-9. juuli.<\/li>\n\n\n\n<li>V\u00f5itjaga v\u00f5etakse \u00fchendust e-maili teel. Kui v\u00f5itjaga ei \u00f5nnestu 7 p\u00e4eva jooksul \u00fchendust saada, siis loositakse v\u00e4lja uus v\u00f5itja. \u00d5nnelik v\u00f5itja avaldatakse diskreetsel kujul ka Mobire sotsiaalmeedias.<\/li>\n\n\n\n<li>Auhinna saab vastu v\u00f5tta isik, kellel on olnud kehtiv juhtimis\u00f5igus v\u00e4hemalt 2 aastat.<\/li>\n\n\n\n<li>Auhinna v\u00e4ljastamine ja tagastamine toimub Tallinnas Mobire kontoris (M\u00e4ealuse 2\/3).<\/li>\n\n\n\n<li>V\u00f5itjal on aega auhind realiseerida 1 kuu (kuni 13.08.2023 k.a).<\/li>\n\n\n\n<li>S\u00f5iduki kasutamise omavastutus on 1000\u20ac.&nbsp;<\/li>\n\n\n\n<li>Autoga v\u00f5ib s\u00f5ita ainult Eestis.<\/li>\n\n\n\n<li>S\u00f5iduki l\u00e4bis\u00f5idupiirang on 400 km.&nbsp;<\/li>\n\n\n\n<li>E-maili kasutatakse turunduslikel eesm\u00e4rkidel, kuid saadame Sulle ainult p\u00f5nevaid lugusid ja h\u00e4id pakkumisi. Ei mingit sp\u00e4mmi!&nbsp;<\/li>\n\n\n\n<li>Uudiskirja liitujad lisatakse automaatselt Mobire uudiskirja listi.<\/li>\n<\/ul>\n","protected":false},"excerpt":{"rendered":"<p>KAMPAANIA TINGIMUSED<\/p>\n","protected":false},"author":14,"featured_media":26114,"parent":0,"menu_order":0,"comment_status":"closed","ping_status":"closed","template":"page-templates\/campaign.php","meta":{"_acf_changed":false,"footnotes":""},"class_list":["post-1936","page","type-page","status-publish","has-post-thumbnail","hentry"],"acf":[],"yoast_head":"<!-- This site is optimized with the Yoast SEO plugin v27.3 - https:\/\/yoast.com\/product\/yoast-seo-wordpress\/ -->\n<title>V\u00f5ida Mercedes-Benz EQB 300 4MATIC kasutamis\u00f5igus | Mobire<\/title>\n<meta name=\"description\" content=\"Mobire kampaania | V\u00f5ida Mercedes-Benz EQB 300 4MATIC kasutamis\u00f5igus \u00fcheks n\u00e4dalavahetuseks. Loosimine toimub 13.07.2023.\" \/>\n<meta name=\"robots\" content=\"index, follow, max-snippet:-1, max-image-preview:large, max-video-preview:-1\" \/>\n<link rel=\"canonical\" href=\"https:\/\/mobire.ee\/en\/investeerimisfestival\/\" \/>\n<meta property=\"og:locale\" content=\"en_US\" \/>\n<meta property=\"og:type\" content=\"article\" \/>\n<meta property=\"og:title\" content=\"V\u00f5ida Mercedes-Benz EQB 300 4MATIC kasutamis\u00f5igus | Mobire\" \/>\n<meta property=\"og:description\" content=\"Mobire kampaania | V\u00f5ida Mercedes-Benz EQB 300 4MATIC kasutamis\u00f5igus \u00fcheks n\u00e4dalavahetuseks. Loosimine toimub 13.07.2023.\" \/>\n<meta property=\"og:url\" content=\"https:\/\/mobire.ee\/en\/investeerimisfestival\/\" \/>\n<meta property=\"og:site_name\" content=\"Mobire\" \/>\n<meta property=\"article:modified_time\" content=\"2023-12-31T10:57:42+00:00\" \/>\n<meta property=\"og:image\" content=\"https:\/\/mobire.ee\/wp-content\/uploads\/2023\/06\/image.mq6_.0.20210430153107.jpeg\" \/>\n\t<meta property=\"og:image:width\" content=\"1680\" \/>\n\t<meta property=\"og:image:height\" content=\"945\" \/>\n\t<meta property=\"og:image:type\" content=\"image\/jpeg\" \/>\n<meta name=\"twitter:card\" content=\"summary_large_image\" \/>\n<meta name=\"twitter:label1\" content=\"Est. reading time\" \/>\n\t<meta name=\"twitter:data1\" content=\"1 minute\" \/>\n<script type=\"application\/ld+json\" class=\"yoast-schema-graph\">{\"@context\":\"https:\\\/\\\/schema.org\",\"@graph\":[{\"@type\":\"WebPage\",\"@id\":\"https:\\\/\\\/mobire.ee\\\/en\\\/investeerimisfestival\\\/\",\"url\":\"https:\\\/\\\/mobire.ee\\\/en\\\/investeerimisfestival\\\/\",\"name\":\"V\u00f5ida Mercedes-Benz EQB 300 4MATIC kasutamis\u00f5igus | Mobire\",\"isPartOf\":{\"@id\":\"https:\\\/\\\/mobire.ee\\\/en\\\/#website\"},\"primaryImageOfPage\":{\"@id\":\"https:\\\/\\\/mobire.ee\\\/en\\\/investeerimisfestival\\\/#primaryimage\"},\"image\":{\"@id\":\"https:\\\/\\\/mobire.ee\\\/en\\\/investeerimisfestival\\\/#primaryimage\"},\"thumbnailUrl\":\"https:\\\/\\\/mobire.ee\\\/wp-content\\\/uploads\\\/2023\\\/06\\\/image.mq6_.0.20210430153107.jpeg\",\"datePublished\":\"2023-06-26T08:41:53+00:00\",\"dateModified\":\"2023-12-31T10:57:42+00:00\",\"description\":\"Mobire kampaania | V\u00f5ida Mercedes-Benz EQB 300 4MATIC kasutamis\u00f5igus \u00fcheks n\u00e4dalavahetuseks. Loosimine toimub 13.07.2023.\",\"breadcrumb\":{\"@id\":\"https:\\\/\\\/mobire.ee\\\/en\\\/investeerimisfestival\\\/#breadcrumb\"},\"inLanguage\":\"en-US\",\"potentialAction\":[{\"@type\":\"ReadAction\",\"target\":[\"https:\\\/\\\/mobire.ee\\\/en\\\/investeerimisfestival\\\/\"]}]},{\"@type\":\"ImageObject\",\"inLanguage\":\"en-US\",\"@id\":\"https:\\\/\\\/mobire.ee\\\/en\\\/investeerimisfestival\\\/#primaryimage\",\"url\":\"https:\\\/\\\/mobire.ee\\\/wp-content\\\/uploads\\\/2023\\\/06\\\/image.mq6_.0.20210430153107.jpeg\",\"contentUrl\":\"https:\\\/\\\/mobire.ee\\\/wp-content\\\/uploads\\\/2023\\\/06\\\/image.mq6_.0.20210430153107.jpeg\",\"width\":1680,\"height\":945},{\"@type\":\"BreadcrumbList\",\"@id\":\"https:\\\/\\\/mobire.ee\\\/en\\\/investeerimisfestival\\\/#breadcrumb\",\"itemListElement\":[{\"@type\":\"ListItem\",\"position\":1,\"name\":\"Home\",\"item\":\"https:\\\/\\\/mobire.ee\\\/en\\\/\"},{\"@type\":\"ListItem\",\"position\":2,\"name\":\"V\u00f5ida Mercedes-Benz EQB 300 4MATIC kasutamis\u00f5igus\"}]},{\"@type\":\"WebSite\",\"@id\":\"https:\\\/\\\/mobire.ee\\\/en\\\/#website\",\"url\":\"https:\\\/\\\/mobire.ee\\\/en\\\/\",\"name\":\"Mobire\",\"description\":\"Mobire\",\"publisher\":{\"@id\":\"https:\\\/\\\/mobire.ee\\\/en\\\/#organization\"},\"potentialAction\":[{\"@type\":\"SearchAction\",\"target\":{\"@type\":\"EntryPoint\",\"urlTemplate\":\"https:\\\/\\\/mobire.ee\\\/en\\\/?s={search_term_string}\"},\"query-input\":{\"@type\":\"PropertyValueSpecification\",\"valueRequired\":true,\"valueName\":\"search_term_string\"}}],\"inLanguage\":\"en-US\"},{\"@type\":\"Organization\",\"@id\":\"https:\\\/\\\/mobire.ee\\\/en\\\/#organization\",\"name\":\"Mobire\",\"url\":\"https:\\\/\\\/mobire.ee\\\/en\\\/\",\"logo\":{\"@type\":\"ImageObject\",\"inLanguage\":\"en-US\",\"@id\":\"https:\\\/\\\/mobire.ee\\\/en\\\/#\\\/schema\\\/logo\\\/image\\\/\",\"url\":\"https:\\\/\\\/mobire.ee\\\/wp-content\\\/uploads\\\/2020\\\/09\\\/mobire_logo.png\",\"contentUrl\":\"https:\\\/\\\/mobire.ee\\\/wp-content\\\/uploads\\\/2020\\\/09\\\/mobire_logo.png\",\"width\":659,\"height\":171,\"caption\":\"Mobire\"},\"image\":{\"@id\":\"https:\\\/\\\/mobire.ee\\\/en\\\/#\\\/schema\\\/logo\\\/image\\\/\"}}]}<\/script>\n<!-- \/ Yoast SEO plugin. -->","yoast_head_json":{"title":"V\u00f5ida Mercedes-Benz EQB 300 4MATIC kasutamis\u00f5igus | Mobire","description":"Mobire kampaania | V\u00f5ida Mercedes-Benz EQB 300 4MATIC kasutamis\u00f5igus \u00fcheks n\u00e4dalavahetuseks. Loosimine toimub 13.07.2023.","robots":{"index":"index","follow":"follow","max-snippet":"max-snippet:-1","max-image-preview":"max-image-preview:large","max-video-preview":"max-video-preview:-1"},"canonical":"https:\/\/mobire.ee\/en\/investeerimisfestival\/","og_locale":"en_US","og_type":"article","og_title":"V\u00f5ida Mercedes-Benz EQB 300 4MATIC kasutamis\u00f5igus | Mobire","og_description":"Mobire kampaania | V\u00f5ida Mercedes-Benz EQB 300 4MATIC kasutamis\u00f5igus \u00fcheks n\u00e4dalavahetuseks. Loosimine toimub 13.07.2023.","og_url":"https:\/\/mobire.ee\/en\/investeerimisfestival\/","og_site_name":"Mobire","article_modified_time":"2023-12-31T10:57:42+00:00","og_image":[{"width":1680,"height":945,"url":"https:\/\/mobire.ee\/wp-content\/uploads\/2023\/06\/image.mq6_.0.20210430153107.jpeg","type":"image\/jpeg"}],"twitter_card":"summary_large_image","twitter_misc":{"Est. reading time":"1 minute"},"schema":{"@context":"https:\/\/schema.org","@graph":[{"@type":"WebPage","@id":"https:\/\/mobire.ee\/en\/investeerimisfestival\/","url":"https:\/\/mobire.ee\/en\/investeerimisfestival\/","name":"V\u00f5ida Mercedes-Benz EQB 300 4MATIC kasutamis\u00f5igus | Mobire","isPartOf":{"@id":"https:\/\/mobire.ee\/en\/#website"},"primaryImageOfPage":{"@id":"https:\/\/mobire.ee\/en\/investeerimisfestival\/#primaryimage"},"image":{"@id":"https:\/\/mobire.ee\/en\/investeerimisfestival\/#primaryimage"},"thumbnailUrl":"https:\/\/mobire.ee\/wp-content\/uploads\/2023\/06\/image.mq6_.0.20210430153107.jpeg","datePublished":"2023-06-26T08:41:53+00:00","dateModified":"2023-12-31T10:57:42+00:00","description":"Mobire kampaania | V\u00f5ida Mercedes-Benz EQB 300 4MATIC kasutamis\u00f5igus \u00fcheks n\u00e4dalavahetuseks. Loosimine toimub 13.07.2023.","breadcrumb":{"@id":"https:\/\/mobire.ee\/en\/investeerimisfestival\/#breadcrumb"},"inLanguage":"en-US","potentialAction":[{"@type":"ReadAction","target":["https:\/\/mobire.ee\/en\/investeerimisfestival\/"]}]},{"@type":"ImageObject","inLanguage":"en-US","@id":"https:\/\/mobire.ee\/en\/investeerimisfestival\/#primaryimage","url":"https:\/\/mobire.ee\/wp-content\/uploads\/2023\/06\/image.mq6_.0.20210430153107.jpeg","contentUrl":"https:\/\/mobire.ee\/wp-content\/uploads\/2023\/06\/image.mq6_.0.20210430153107.jpeg","width":1680,"height":945},{"@type":"BreadcrumbList","@id":"https:\/\/mobire.ee\/en\/investeerimisfestival\/#breadcrumb","itemListElement":[{"@type":"ListItem","position":1,"name":"Home","item":"https:\/\/mobire.ee\/en\/"},{"@type":"ListItem","position":2,"name":"V\u00f5ida Mercedes-Benz EQB 300 4MATIC kasutamis\u00f5igus"}]},{"@type":"WebSite","@id":"https:\/\/mobire.ee\/en\/#website","url":"https:\/\/mobire.ee\/en\/","name":"Mobire","description":"Mobire","publisher":{"@id":"https:\/\/mobire.ee\/en\/#organization"},"potentialAction":[{"@type":"SearchAction","target":{"@type":"EntryPoint","urlTemplate":"https:\/\/mobire.ee\/en\/?s={search_term_string}"},"query-input":{"@type":"PropertyValueSpecification","valueRequired":true,"valueName":"search_term_string"}}],"inLanguage":"en-US"},{"@type":"Organization","@id":"https:\/\/mobire.ee\/en\/#organization","name":"Mobire","url":"https:\/\/mobire.ee\/en\/","logo":{"@type":"ImageObject","inLanguage":"en-US","@id":"https:\/\/mobire.ee\/en\/#\/schema\/logo\/image\/","url":"https:\/\/mobire.ee\/wp-content\/uploads\/2020\/09\/mobire_logo.png","contentUrl":"https:\/\/mobire.ee\/wp-content\/uploads\/2020\/09\/mobire_logo.png","width":659,"height":171,"caption":"Mobire"},"image":{"@id":"https:\/\/mobire.ee\/en\/#\/schema\/logo\/image\/"}}]}}}