{"id":45509,"date":"2024-09-30T20:29:08","date_gmt":"2024-09-30T18:29:08","guid":{"rendered":"https:\/\/mobire.ee\/?page_id=45509"},"modified":"2025-06-04T12:26:52","modified_gmt":"2025-06-04T10:26:52","slug":"kampaaniatingimused","status":"publish","type":"page","link":"https:\/\/mobire.ee\/en\/kampaaniatingimused\/","title":{"rendered":"Kampaaniatingimused"},"content":{"rendered":"\n<p><strong>Mobire Suvekampaania \u201cLiising on Retro\u201d Tingimused<\/strong><\/p>\n\n\n\n<p>1. Kampaania \u00fcldtingimused<\/p>\n\n\n\n<p>1.1. Kampaania \u201eLiising on Retro\u201c (edaspidi Kampaania) toimub ajavahemikus 6. juuni 2025 kuni 31. august 2025 (kaasa arvatud).<br>1.2. Kampaania korraldajaks on Mobire Eesti AS, reg&nbsp;kood 10814092, aadress M\u00e4ealuse 2\/3, 12618 Tallinn (edaspidi Korraldaja).<br>1.3. Kampaania eesm\u00e4rk on tutvustada Mobire teenuseid ning korraldada loosim\u00e4ng k\u00f5igi kampaanias osalejate vahel.<\/p>\n\n\n\n<p>2. Kampaanias osalemine<\/p>\n\n\n\n<p>2.1. Kampaanias v\u00f5ivad osaleda k\u00f5ik f\u00fc\u00fcsilised isikud, kes:<br>&nbsp;&nbsp;a) on t\u00e4isealised;<br>&nbsp;&nbsp;b) on Eesti Vabariigi kodanikud;<br>&nbsp;&nbsp;c) on n\u00f5ustunud Mobire Eesti AS privaatsustingimustega ja andnud n\u00f5usoleku oma isikuandmete t\u00f6\u00f6tlemiseks turunduslikel eesm\u00e4rkidel.<br>2.2. Kampaanias osalemisega kinnitab osaleja, et on k\u00e4esolevate tingimustega tutvunud ning n\u00f5ustub nendega.<\/p>\n\n\n\n<p>3. Loosimine ja auhind<\/p>\n\n\n\n<p>3.1. K\u00f5igi kampaanias osalejate vahel loositakse v\u00e4lja s\u00f5iduauto Dodge Challenger kasutus\u00f5igus terveks septembrikuuks 2025.<br>3.2. Auhinna loosimine toimub 29.augustil 2025.<\/p>\n\n\n\n<p>3.3. V\u00f5iduauto kasutamist reguleerivad Mobire renditingimused, millega on v\u00f5imalik tutvuda veebilehel: <a href=\"https:\/\/mobire.ee\">https:\/\/mobire.ee<\/a>.<br>3.4. V\u00f5iduauto antakse v\u00f5itjale \u00fcle t\u00e4is k\u00fctusepaagiga ning see tuleb tagastada samuti t\u00e4ispaagiga.<\/p>\n\n\n\n<p>3.5. Loosi v\u00f5itja n\u00f5ustub, et auhinna \u00fcleandmist j\u00e4\u00e4dvustatakse ja kasutatakse Mobire sotsiaalmeedia kanalites.<br>3.6. V\u00f5iduauto kasutamise perioodil ei tohi p\u00e4evane keskmine l\u00e4bis\u00f5it \u00fcletada 200 km.<br>3.7. Auto omavastutus iga kahjujuhtumi kohta on 500 eurot.<\/p>\n\n\n\n<p>4. Loosis osalemise n\u00f5uded<\/p>\n\n\n\n<p>4.1. Loosi auhinna v\u00f5itja peab vastama j\u00e4rgmistele tingimustele:<br>&nbsp;&nbsp;a) olema v\u00e4hemalt 25-aastane;<br>&nbsp;&nbsp;b) omama juhilube v\u00e4hemalt 2 aastat (ei tohi olla esmased juhiload);<br>&nbsp;&nbsp;c) olema Eesti Vabariigi kodanik.<br>4.2. V\u00f5idetud auto kasutus\u00f5igus on isikuline ega ole edasiantav kolmandatele isikutele.<\/p>\n\n\n\n<p>5. Isikuandmete t\u00f6\u00f6tlemine<\/p>\n\n\n\n<p>5.1. Kampaanias osalemisega annab osaleja Korraldajale n\u00f5usoleku t\u00f6\u00f6delda enda isikuandmeid vastavalt Mobire privaatsuspoliitikale, sealhulgas turunduslikel eesm\u00e4rkidel.<br>5.2. Isikuandmeid t\u00f6\u00f6deldakse koosk\u00f5las kehtivate \u00f5igusaktidega.<br>5.3. Osalejal on igal ajal \u00f5igus oma n\u00f5usolek tagasi v\u00f5tta ning n\u00f5uda andmete kustutamist v\u00f5i t\u00f6\u00f6tlemise piiramist, v\u00e4lja arvatud juhul, kui seadus s\u00e4testab teisiti.<br>5.4. T\u00e4psem teave andmekaitsetingimuste ja k\u00fcpsiste kasutamise p\u00f5him\u00f5tetekohta on leitav: <a href=\"https:\/\/mobire.ee\/privaatsus\/\">https:\/\/mobire.ee\/privaatsus\/<\/a><\/p>\n\n\n\n<p>6. Muud tingimused<\/p>\n\n\n\n<p>6.1. Mobire Eesti AS-l on \u00f5igus Kampaania tingimusi \u00fchepoolselt muuta v\u00f5i t\u00e4iendada, avaldades vastava teate oma veebilehel <a href=\"https:\/\/mobire.ee\">https:\/\/mobire.ee<\/a>.<br>6.2. K\u00f5ik kampaaniat puudutavad vaidlused lahendatakse Eesti Vabariigi seaduste alusel.<\/p>\n\n\n\n<p>7. Kontakt7.1. Kampaaniaga seotud k\u00fcsimuste v\u00f5i pretensioonide korral palume p\u00f6\u00f6rduda:<br>&nbsp;&nbsp;\u2013 e-posti teel: veeb@mobire.ee<br>&nbsp;&nbsp;\u2013 telefoni teel: (+372) 5553 7622 (E\u2013R kell 9:00\u201317:00)<\/p>\n","protected":false},"excerpt":{"rendered":"<p>Mobire Suvekampaania \u201cLiising on Retro\u201d Tingimused 1. Kampaania \u00fcldtingimused 1.1. Kampaania \u201eLiising on Retro\u201c (edaspidi Kampaania) toimub ajavahemikus 6. juuni 2025 kuni 31. august 2025 (kaasa arvatud).1.2. Kampaania korraldajaks on Mobire Eesti AS, reg&nbsp;kood 10814092, aadress M\u00e4ealuse 2\/3, 12618 Tallinn (edaspidi Korraldaja).1.3. Kampaania eesm\u00e4rk on tutvustada Mobire teenuseid ning korraldada loosim\u00e4ng k\u00f5igi kampaanias osalejate vahel. [&hellip;]<\/p>\n","protected":false},"author":28,"featured_media":0,"parent":0,"menu_order":0,"comment_status":"closed","ping_status":"closed","template":"","meta":{"_acf_changed":false,"footnotes":""},"class_list":["post-45509","page","type-page","status-publish","hentry"],"acf":[],"yoast_head":"<!-- This site is optimized with the Yoast SEO plugin v27.3 - https:\/\/yoast.com\/product\/yoast-seo-wordpress\/ -->\n<title>Kampaaniatingimused | Mobire<\/title>\n<meta name=\"robots\" content=\"index, follow, max-snippet:-1, max-image-preview:large, max-video-preview:-1\" \/>\n<link rel=\"canonical\" href=\"https:\/\/mobire.ee\/en\/kampaaniatingimused\/\" \/>\n<meta property=\"og:locale\" content=\"en_US\" \/>\n<meta property=\"og:type\" content=\"article\" \/>\n<meta property=\"og:title\" content=\"Kampaaniatingimused | Mobire\" \/>\n<meta property=\"og:description\" content=\"Mobire Suvekampaania \u201cLiising on Retro\u201d Tingimused 1. Kampaania \u00fcldtingimused 1.1. Kampaania \u201eLiising on Retro\u201c (edaspidi Kampaania) toimub ajavahemikus 6. juuni 2025 kuni 31. august 2025 (kaasa arvatud).1.2. Kampaania korraldajaks on Mobire Eesti AS, reg&nbsp;kood 10814092, aadress M\u00e4ealuse 2\/3, 12618 Tallinn (edaspidi Korraldaja).1.3. Kampaania eesm\u00e4rk on tutvustada Mobire teenuseid ning korraldada loosim\u00e4ng k\u00f5igi kampaanias osalejate vahel. [&hellip;]\" \/>\n<meta property=\"og:url\" content=\"https:\/\/mobire.ee\/en\/kampaaniatingimused\/\" \/>\n<meta property=\"og:site_name\" content=\"Mobire\" \/>\n<meta property=\"article:modified_time\" content=\"2025-06-04T10:26:52+00:00\" \/>\n<meta name=\"twitter:card\" content=\"summary_large_image\" \/>\n<meta name=\"twitter:label1\" content=\"Est. reading time\" \/>\n\t<meta name=\"twitter:data1\" content=\"2 minutes\" \/>\n<script type=\"application\/ld+json\" class=\"yoast-schema-graph\">{\"@context\":\"https:\\\/\\\/schema.org\",\"@graph\":[{\"@type\":\"WebPage\",\"@id\":\"https:\\\/\\\/mobire.ee\\\/en\\\/kampaaniatingimused\\\/\",\"url\":\"https:\\\/\\\/mobire.ee\\\/en\\\/kampaaniatingimused\\\/\",\"name\":\"Kampaaniatingimused | Mobire\",\"isPartOf\":{\"@id\":\"https:\\\/\\\/mobire.ee\\\/en\\\/#website\"},\"datePublished\":\"2024-09-30T18:29:08+00:00\",\"dateModified\":\"2025-06-04T10:26:52+00:00\",\"breadcrumb\":{\"@id\":\"https:\\\/\\\/mobire.ee\\\/en\\\/kampaaniatingimused\\\/#breadcrumb\"},\"inLanguage\":\"en-US\",\"potentialAction\":[{\"@type\":\"ReadAction\",\"target\":[\"https:\\\/\\\/mobire.ee\\\/en\\\/kampaaniatingimused\\\/\"]}]},{\"@type\":\"BreadcrumbList\",\"@id\":\"https:\\\/\\\/mobire.ee\\\/en\\\/kampaaniatingimused\\\/#breadcrumb\",\"itemListElement\":[{\"@type\":\"ListItem\",\"position\":1,\"name\":\"Home\",\"item\":\"https:\\\/\\\/mobire.ee\\\/en\\\/\"},{\"@type\":\"ListItem\",\"position\":2,\"name\":\"Kampaaniatingimused\"}]},{\"@type\":\"WebSite\",\"@id\":\"https:\\\/\\\/mobire.ee\\\/en\\\/#website\",\"url\":\"https:\\\/\\\/mobire.ee\\\/en\\\/\",\"name\":\"Mobire\",\"description\":\"Mobire\",\"publisher\":{\"@id\":\"https:\\\/\\\/mobire.ee\\\/en\\\/#organization\"},\"potentialAction\":[{\"@type\":\"SearchAction\",\"target\":{\"@type\":\"EntryPoint\",\"urlTemplate\":\"https:\\\/\\\/mobire.ee\\\/en\\\/?s={search_term_string}\"},\"query-input\":{\"@type\":\"PropertyValueSpecification\",\"valueRequired\":true,\"valueName\":\"search_term_string\"}}],\"inLanguage\":\"en-US\"},{\"@type\":\"Organization\",\"@id\":\"https:\\\/\\\/mobire.ee\\\/en\\\/#organization\",\"name\":\"Mobire\",\"url\":\"https:\\\/\\\/mobire.ee\\\/en\\\/\",\"logo\":{\"@type\":\"ImageObject\",\"inLanguage\":\"en-US\",\"@id\":\"https:\\\/\\\/mobire.ee\\\/en\\\/#\\\/schema\\\/logo\\\/image\\\/\",\"url\":\"https:\\\/\\\/mobire.ee\\\/wp-content\\\/uploads\\\/2020\\\/09\\\/mobire_logo.png\",\"contentUrl\":\"https:\\\/\\\/mobire.ee\\\/wp-content\\\/uploads\\\/2020\\\/09\\\/mobire_logo.png\",\"width\":659,\"height\":171,\"caption\":\"Mobire\"},\"image\":{\"@id\":\"https:\\\/\\\/mobire.ee\\\/en\\\/#\\\/schema\\\/logo\\\/image\\\/\"}}]}<\/script>\n<!-- \/ Yoast SEO plugin. -->","yoast_head_json":{"title":"Kampaaniatingimused | Mobire","robots":{"index":"index","follow":"follow","max-snippet":"max-snippet:-1","max-image-preview":"max-image-preview:large","max-video-preview":"max-video-preview:-1"},"canonical":"https:\/\/mobire.ee\/en\/kampaaniatingimused\/","og_locale":"en_US","og_type":"article","og_title":"Kampaaniatingimused | Mobire","og_description":"Mobire Suvekampaania \u201cLiising on Retro\u201d Tingimused 1. Kampaania \u00fcldtingimused 1.1. Kampaania \u201eLiising on Retro\u201c (edaspidi Kampaania) toimub ajavahemikus 6. juuni 2025 kuni 31. august 2025 (kaasa arvatud).1.2. Kampaania korraldajaks on Mobire Eesti AS, reg&nbsp;kood 10814092, aadress M\u00e4ealuse 2\/3, 12618 Tallinn (edaspidi Korraldaja).1.3. Kampaania eesm\u00e4rk on tutvustada Mobire teenuseid ning korraldada loosim\u00e4ng k\u00f5igi kampaanias osalejate vahel. [&hellip;]","og_url":"https:\/\/mobire.ee\/en\/kampaaniatingimused\/","og_site_name":"Mobire","article_modified_time":"2025-06-04T10:26:52+00:00","twitter_card":"summary_large_image","twitter_misc":{"Est. reading time":"2 minutes"},"schema":{"@context":"https:\/\/schema.org","@graph":[{"@type":"WebPage","@id":"https:\/\/mobire.ee\/en\/kampaaniatingimused\/","url":"https:\/\/mobire.ee\/en\/kampaaniatingimused\/","name":"Kampaaniatingimused | Mobire","isPartOf":{"@id":"https:\/\/mobire.ee\/en\/#website"},"datePublished":"2024-09-30T18:29:08+00:00","dateModified":"2025-06-04T10:26:52+00:00","breadcrumb":{"@id":"https:\/\/mobire.ee\/en\/kampaaniatingimused\/#breadcrumb"},"inLanguage":"en-US","potentialAction":[{"@type":"ReadAction","target":["https:\/\/mobire.ee\/en\/kampaaniatingimused\/"]}]},{"@type":"BreadcrumbList","@id":"https:\/\/mobire.ee\/en\/kampaaniatingimused\/#breadcrumb","itemListElement":[{"@type":"ListItem","position":1,"name":"Home","item":"https:\/\/mobire.ee\/en\/"},{"@type":"ListItem","position":2,"name":"Kampaaniatingimused"}]},{"@type":"WebSite","@id":"https:\/\/mobire.ee\/en\/#website","url":"https:\/\/mobire.ee\/en\/","name":"Mobire","description":"Mobire","publisher":{"@id":"https:\/\/mobire.ee\/en\/#organization"},"potentialAction":[{"@type":"SearchAction","target":{"@type":"EntryPoint","urlTemplate":"https:\/\/mobire.ee\/en\/?s={search_term_string}"},"query-input":{"@type":"PropertyValueSpecification","valueRequired":true,"valueName":"search_term_string"}}],"inLanguage":"en-US"},{"@type":"Organization","@id":"https:\/\/mobire.ee\/en\/#organization","name":"Mobire","url":"https:\/\/mobire.ee\/en\/","logo":{"@type":"ImageObject","inLanguage":"en-US","@id":"https:\/\/mobire.ee\/en\/#\/schema\/logo\/image\/","url":"https:\/\/mobire.ee\/wp-content\/uploads\/2020\/09\/mobire_logo.png","contentUrl":"https:\/\/mobire.ee\/wp-content\/uploads\/2020\/09\/mobire_logo.png","width":659,"height":171,"caption":"Mobire"},"image":{"@id":"https:\/\/mobire.ee\/en\/#\/schema\/logo\/image\/"}}]}}}