{"id":70623,"date":"2026-04-02T13:27:13","date_gmt":"2026-04-02T11:27:13","guid":{"rendered":"https:\/\/mobire.ee\/?page_id=70623"},"modified":"2026-04-09T14:56:36","modified_gmt":"2026-04-09T12:56:36","slug":"onoffkampaania","status":"publish","type":"page","link":"https:\/\/mobire.ee\/en\/onoffkampaania\/","title":{"rendered":"ON\/OFF Kampaania"},"content":{"rendered":"\n<div  class=\"block__wrapper block__enhanced-list\" >\n  <div class=\"container\">\n\n          <div class=\"row\">\n        <div class=\"col-12\">\n\n                      <h2 class=\"block__enhanced-list--heading\">Mobire t\u00e4isteenusrendi eelised<\/h2>\n          \n          \n        <\/div>\n      <\/div>\n    \n          <div class=\"row\">\n\n        \n          <div class=\"col-md-6\">\n            <div class=\"block__enhanced-list--column\">\n              <img decoding=\"async\" src=\"https:\/\/mobire.ee\/wp-content\/uploads\/2023\/02\/no_deposit.svg\" alt=\"Soovi korral saad meilt uue auto ilma esmase sissemakseta.\" class=\"block__enhanced-list--image\">\n              <div class=\"block__enhanced-list--column-inner\">\n                <h4 class=\"block__enhanced-list--title\">Auto k\u00e4tte al 0\u20ac<\/h4>\n                \n                                  <p class=\"block__enhanced-list--description\">Soovi korral saad meilt uue auto ilma esmase sissemakseta.<\/p>\n                \n              <\/div>\n            <\/div>\n          <\/div>\n        \n          <div class=\"col-md-6\">\n            <div class=\"block__enhanced-list--column\">\n              <img decoding=\"async\" src=\"https:\/\/mobire.ee\/wp-content\/uploads\/2023\/02\/fixed_deposit.svg\" alt=\"Mobire Premium teenuspaketiga on k\u00f5ik autoga seotud kulud kuumakses ja fikseeritud kogu rendiperioodiks.\" class=\"block__enhanced-list--image\">\n              <div class=\"block__enhanced-list--column-inner\">\n                <h4 class=\"block__enhanced-list--title\">Fikseeritud kuumakse<\/h4>\n                \n                                  <p class=\"block__enhanced-list--description\">Mobire Premium teenuspaketiga on k\u00f5ik autoga seotud kulud kuumakses ja fikseeritud kogu rendiperioodiks.<\/p>\n                \n              <\/div>\n            <\/div>\n          <\/div>\n        \n          <div class=\"col-md-6\">\n            <div class=\"block__enhanced-list--column\">\n              <img decoding=\"async\" src=\"https:\/\/mobire.ee\/wp-content\/uploads\/2023\/02\/returns.svg\" alt=\"Vajadusel saad auto tagastada v\u00f5i uue vastu vahetada juba enne rendiperioodi l\u00f5ppu.\" class=\"block__enhanced-list--image\">\n              <div class=\"block__enhanced-list--column-inner\">\n                <h4 class=\"block__enhanced-list--title\">Paindlik tagastamine ja autovahetus<\/h4>\n                \n                                  <p class=\"block__enhanced-list--description\">Vajadusel saad auto tagastada v\u00f5i uue vastu vahetada juba enne rendiperioodi l\u00f5ppu.<\/p>\n                \n              <\/div>\n            <\/div>\n          <\/div>\n        \n          <div class=\"col-md-6\">\n            <div class=\"block__enhanced-list--column\">\n              <img decoding=\"async\" src=\"https:\/\/mobire.ee\/wp-content\/uploads\/2023\/02\/saving_time.svg\" alt=\"Mobire tegeleb auto halduse teemadega (hoolduste, rehvivahetuste, kindlustusjuhtumite jm), selleks et Sina saaksid muretult s\u00f5ita.\" class=\"block__enhanced-list--image\">\n              <div class=\"block__enhanced-list--column-inner\">\n                <h4 class=\"block__enhanced-list--title\">S\u00e4\u00e4stame Sinu aega ja n\u00e4rve<\/h4>\n                \n                                  <p class=\"block__enhanced-list--description\">Mobire tegeleb auto halduse teemadega (hoolduste, rehvivahetuste, kindlustusjuhtumite jm), selleks et Sina saaksid muretult s\u00f5ita.<\/p>\n                \n              <\/div>\n            <\/div>\n          <\/div>\n        \n          <div class=\"col-md-6\">\n            <div class=\"block__enhanced-list--column\">\n              <img decoding=\"async\" src=\"https:\/\/mobire.ee\/wp-content\/uploads\/2023\/05\/new_car.svg\" alt=\"K\u00f5ik Mobire veebivalikus olevad autod on uhiuued v\u00f5i v\u00e4hekasutatud ja kiirelt saadaval. Pikema tarneaja puhul anname Sulle asendusauto uue tellitud s\u00f5iduki saabumiseni.\" class=\"block__enhanced-list--image\">\n              <div class=\"block__enhanced-list--column-inner\">\n                <h4 class=\"block__enhanced-list--title\">Uued ja v\u00e4hekasutatud autod kiirelt k\u00e4tte<\/h4>\n                \n                                  <p class=\"block__enhanced-list--description\">K\u00f5ik Mobire veebivalikus olevad autod on uhiuued v\u00f5i v\u00e4hekasutatud ja kiirelt saadaval. Pikema tarneaja puhul anname Sulle asendusauto uue tellitud s\u00f5iduki saabumiseni.<\/p>\n                \n              <\/div>\n            <\/div>\n          <\/div>\n        \n          <div class=\"col-md-6\">\n            <div class=\"block__enhanced-list--column\">\n              <img decoding=\"async\" src=\"https:\/\/mobire.ee\/wp-content\/uploads\/2023\/02\/replacement_car.svg\" alt=\"Mobire t\u00e4isteenusrendi hinnas sisaldub asendusauto. Selleks, et Sina p\u00fcsiksid alati liikumises.\" class=\"block__enhanced-list--image\">\n              <div class=\"block__enhanced-list--column-inner\">\n                <h4 class=\"block__enhanced-list--title\">Asendusauto hinnas<\/h4>\n                \n                                  <p class=\"block__enhanced-list--description\">Mobire t\u00e4isteenusrendi hinnas sisaldub asendusauto. Selleks, et Sina p\u00fcsiksid alati liikumises.<\/p>\n                \n              <\/div>\n            <\/div>\n          <\/div>\n        \n      <\/div>\n    \n      <\/div>\n<\/div>","protected":false},"excerpt":{"rendered":"","protected":false},"author":33,"featured_media":0,"parent":0,"menu_order":0,"comment_status":"closed","ping_status":"closed","template":"page-templates\/winter_campaign.php","meta":{"_acf_changed":false,"footnotes":""},"class_list":["post-70623","page","type-page","status-publish","hentry"],"acf":[],"yoast_head":"<!-- This site is optimized with the Yoast SEO plugin v27.3 - https:\/\/yoast.com\/product\/yoast-seo-wordpress\/ -->\n<title>Mobire: L\u00fclita automured v\u00e4lja! | Mobire<\/title>\n<meta name=\"description\" content=\"Mobire t\u00e4isteenusrendi kuumakse sisaldab autot ja k\u00f5iki autodega seonduvaid teenuseid. I Null muret. Lihtsalt s\u00f5ida.\" \/>\n<meta name=\"robots\" content=\"noindex, follow\" \/>\n<meta property=\"og:locale\" content=\"en_US\" \/>\n<meta property=\"og:type\" content=\"article\" \/>\n<meta property=\"og:title\" content=\"Mobire: L\u00fclita automured v\u00e4lja! | Mobire\" \/>\n<meta property=\"og:description\" content=\"Mobire t\u00e4isteenusrendi kuumakse sisaldab autot ja k\u00f5iki autodega seonduvaid teenuseid. I Null muret. Lihtsalt s\u00f5ida.\" \/>\n<meta property=\"og:url\" content=\"https:\/\/mobire.ee\/en\/onoffkampaania\/\" \/>\n<meta property=\"og:site_name\" content=\"Mobire\" \/>\n<meta property=\"article:modified_time\" content=\"2026-04-09T12:56:36+00:00\" \/>\n<meta name=\"twitter:card\" content=\"summary_large_image\" \/>\n<script type=\"application\/ld+json\" class=\"yoast-schema-graph\">{\"@context\":\"https:\\\/\\\/schema.org\",\"@graph\":[{\"@type\":\"WebPage\",\"@id\":\"https:\\\/\\\/mobire.ee\\\/en\\\/onoffkampaania\\\/\",\"url\":\"https:\\\/\\\/mobire.ee\\\/en\\\/onoffkampaania\\\/\",\"name\":\"Mobire: L\u00fclita automured v\u00e4lja! | Mobire\",\"isPartOf\":{\"@id\":\"https:\\\/\\\/mobire.ee\\\/en\\\/#website\"},\"datePublished\":\"2026-04-02T11:27:13+00:00\",\"dateModified\":\"2026-04-09T12:56:36+00:00\",\"description\":\"Mobire t\u00e4isteenusrendi kuumakse sisaldab autot ja k\u00f5iki autodega seonduvaid teenuseid. I Null muret. Lihtsalt s\u00f5ida.\",\"breadcrumb\":{\"@id\":\"https:\\\/\\\/mobire.ee\\\/en\\\/onoffkampaania\\\/#breadcrumb\"},\"inLanguage\":\"en-US\",\"potentialAction\":[{\"@type\":\"ReadAction\",\"target\":[\"https:\\\/\\\/mobire.ee\\\/en\\\/onoffkampaania\\\/\"]}]},{\"@type\":\"BreadcrumbList\",\"@id\":\"https:\\\/\\\/mobire.ee\\\/en\\\/onoffkampaania\\\/#breadcrumb\",\"itemListElement\":[{\"@type\":\"ListItem\",\"position\":1,\"name\":\"Home\",\"item\":\"https:\\\/\\\/mobire.ee\\\/en\\\/\"},{\"@type\":\"ListItem\",\"position\":2,\"name\":\"ON\\\/OFF Kampaania\"}]},{\"@type\":\"WebSite\",\"@id\":\"https:\\\/\\\/mobire.ee\\\/en\\\/#website\",\"url\":\"https:\\\/\\\/mobire.ee\\\/en\\\/\",\"name\":\"Mobire\",\"description\":\"Mobire\",\"publisher\":{\"@id\":\"https:\\\/\\\/mobire.ee\\\/en\\\/#organization\"},\"potentialAction\":[{\"@type\":\"SearchAction\",\"target\":{\"@type\":\"EntryPoint\",\"urlTemplate\":\"https:\\\/\\\/mobire.ee\\\/en\\\/?s={search_term_string}\"},\"query-input\":{\"@type\":\"PropertyValueSpecification\",\"valueRequired\":true,\"valueName\":\"search_term_string\"}}],\"inLanguage\":\"en-US\"},{\"@type\":\"Organization\",\"@id\":\"https:\\\/\\\/mobire.ee\\\/en\\\/#organization\",\"name\":\"Mobire\",\"url\":\"https:\\\/\\\/mobire.ee\\\/en\\\/\",\"logo\":{\"@type\":\"ImageObject\",\"inLanguage\":\"en-US\",\"@id\":\"https:\\\/\\\/mobire.ee\\\/en\\\/#\\\/schema\\\/logo\\\/image\\\/\",\"url\":\"https:\\\/\\\/mobire.ee\\\/wp-content\\\/uploads\\\/2020\\\/09\\\/mobire_logo.png\",\"contentUrl\":\"https:\\\/\\\/mobire.ee\\\/wp-content\\\/uploads\\\/2020\\\/09\\\/mobire_logo.png\",\"width\":659,\"height\":171,\"caption\":\"Mobire\"},\"image\":{\"@id\":\"https:\\\/\\\/mobire.ee\\\/en\\\/#\\\/schema\\\/logo\\\/image\\\/\"}}]}<\/script>\n<!-- \/ Yoast SEO plugin. -->","yoast_head_json":{"title":"Mobire: L\u00fclita automured v\u00e4lja! | Mobire","description":"Mobire t\u00e4isteenusrendi kuumakse sisaldab autot ja k\u00f5iki autodega seonduvaid teenuseid. I Null muret. Lihtsalt s\u00f5ida.","robots":{"index":"noindex","follow":"follow"},"og_locale":"en_US","og_type":"article","og_title":"Mobire: L\u00fclita automured v\u00e4lja! | Mobire","og_description":"Mobire t\u00e4isteenusrendi kuumakse sisaldab autot ja k\u00f5iki autodega seonduvaid teenuseid. I Null muret. Lihtsalt s\u00f5ida.","og_url":"https:\/\/mobire.ee\/en\/onoffkampaania\/","og_site_name":"Mobire","article_modified_time":"2026-04-09T12:56:36+00:00","twitter_card":"summary_large_image","schema":{"@context":"https:\/\/schema.org","@graph":[{"@type":"WebPage","@id":"https:\/\/mobire.ee\/en\/onoffkampaania\/","url":"https:\/\/mobire.ee\/en\/onoffkampaania\/","name":"Mobire: L\u00fclita automured v\u00e4lja! | Mobire","isPartOf":{"@id":"https:\/\/mobire.ee\/en\/#website"},"datePublished":"2026-04-02T11:27:13+00:00","dateModified":"2026-04-09T12:56:36+00:00","description":"Mobire t\u00e4isteenusrendi kuumakse sisaldab autot ja k\u00f5iki autodega seonduvaid teenuseid. I Null muret. Lihtsalt s\u00f5ida.","breadcrumb":{"@id":"https:\/\/mobire.ee\/en\/onoffkampaania\/#breadcrumb"},"inLanguage":"en-US","potentialAction":[{"@type":"ReadAction","target":["https:\/\/mobire.ee\/en\/onoffkampaania\/"]}]},{"@type":"BreadcrumbList","@id":"https:\/\/mobire.ee\/en\/onoffkampaania\/#breadcrumb","itemListElement":[{"@type":"ListItem","position":1,"name":"Home","item":"https:\/\/mobire.ee\/en\/"},{"@type":"ListItem","position":2,"name":"ON\/OFF Kampaania"}]},{"@type":"WebSite","@id":"https:\/\/mobire.ee\/en\/#website","url":"https:\/\/mobire.ee\/en\/","name":"Mobire","description":"Mobire","publisher":{"@id":"https:\/\/mobire.ee\/en\/#organization"},"potentialAction":[{"@type":"SearchAction","target":{"@type":"EntryPoint","urlTemplate":"https:\/\/mobire.ee\/en\/?s={search_term_string}"},"query-input":{"@type":"PropertyValueSpecification","valueRequired":true,"valueName":"search_term_string"}}],"inLanguage":"en-US"},{"@type":"Organization","@id":"https:\/\/mobire.ee\/en\/#organization","name":"Mobire","url":"https:\/\/mobire.ee\/en\/","logo":{"@type":"ImageObject","inLanguage":"en-US","@id":"https:\/\/mobire.ee\/en\/#\/schema\/logo\/image\/","url":"https:\/\/mobire.ee\/wp-content\/uploads\/2020\/09\/mobire_logo.png","contentUrl":"https:\/\/mobire.ee\/wp-content\/uploads\/2020\/09\/mobire_logo.png","width":659,"height":171,"caption":"Mobire"},"image":{"@id":"https:\/\/mobire.ee\/en\/#\/schema\/logo\/image\/"}}]}}}