{"id":3610,"date":"2021-02-23T12:51:01","date_gmt":"2021-02-23T10:51:01","guid":{"rendered":"https:\/\/mobire.ee\/?page_id=3610"},"modified":"2023-12-31T12:28:08","modified_gmt":"2023-12-31T10:28:08","slug":"kaebused-ettepanekud","status":"publish","type":"page","link":"https:\/\/mobire.ee\/ru\/kaebused-ettepanekud\/","title":{"rendered":"Kaebused\/ettepanekud"},"content":{"rendered":"","protected":false},"excerpt":{"rendered":"","protected":false},"author":14,"featured_media":0,"parent":0,"menu_order":0,"comment_status":"closed","ping_status":"closed","template":"page-templates\/complaints.php","meta":{"_acf_changed":false,"footnotes":""},"class_list":["post-3610","page","type-page","status-publish","hentry"],"acf":[],"yoast_head":"<!-- This site is optimized with the Yoast SEO plugin v27.3 - https:\/\/yoast.com\/product\/yoast-seo-wordpress\/ -->\n<title>Kaebused\/ettepanekud | Mobire<\/title>\n<meta name=\"description\" content=\"K\u00f5igil meie klientidel on \u00f5igus esitada tagasisidet, ettepanekuid ja kaebusi. P\u00fc\u00fcame kaebused lahendada v\u00f5imalikult kiiresti.\" \/>\n<meta name=\"robots\" content=\"index, follow, max-snippet:-1, max-image-preview:large, max-video-preview:-1\" \/>\n<link rel=\"canonical\" href=\"https:\/\/mobire.ee\/ru\/kaebused-ettepanekud\/\" \/>\n<meta property=\"og:locale\" content=\"ru_RU\" \/>\n<meta property=\"og:type\" content=\"article\" \/>\n<meta property=\"og:title\" content=\"Kaebused\/ettepanekud | Mobire\" \/>\n<meta property=\"og:description\" content=\"K\u00f5igil meie klientidel on \u00f5igus esitada tagasisidet, ettepanekuid ja kaebusi. P\u00fc\u00fcame kaebused lahendada v\u00f5imalikult kiiresti.\" \/>\n<meta property=\"og:url\" content=\"https:\/\/mobire.ee\/ru\/kaebused-ettepanekud\/\" \/>\n<meta property=\"og:site_name\" content=\"Mobire\" \/>\n<meta property=\"article:modified_time\" content=\"2023-12-31T10:28:08+00:00\" \/>\n<meta name=\"twitter:card\" content=\"summary_large_image\" \/>\n<script type=\"application\/ld+json\" class=\"yoast-schema-graph\">{\"@context\":\"https:\\\/\\\/schema.org\",\"@graph\":[{\"@type\":\"WebPage\",\"@id\":\"https:\\\/\\\/mobire.ee\\\/ru\\\/kaebused-ettepanekud\\\/\",\"url\":\"https:\\\/\\\/mobire.ee\\\/ru\\\/kaebused-ettepanekud\\\/\",\"name\":\"Kaebused\\\/ettepanekud | Mobire\",\"isPartOf\":{\"@id\":\"https:\\\/\\\/mobire.ee\\\/ru\\\/#website\"},\"datePublished\":\"2021-02-23T10:51:01+00:00\",\"dateModified\":\"2023-12-31T10:28:08+00:00\",\"description\":\"K\u00f5igil meie klientidel on \u00f5igus esitada tagasisidet, ettepanekuid ja kaebusi. P\u00fc\u00fcame kaebused lahendada v\u00f5imalikult kiiresti.\",\"breadcrumb\":{\"@id\":\"https:\\\/\\\/mobire.ee\\\/ru\\\/kaebused-ettepanekud\\\/#breadcrumb\"},\"inLanguage\":\"ru-RU\",\"potentialAction\":[{\"@type\":\"ReadAction\",\"target\":[\"https:\\\/\\\/mobire.ee\\\/ru\\\/kaebused-ettepanekud\\\/\"]}]},{\"@type\":\"BreadcrumbList\",\"@id\":\"https:\\\/\\\/mobire.ee\\\/ru\\\/kaebused-ettepanekud\\\/#breadcrumb\",\"itemListElement\":[{\"@type\":\"ListItem\",\"position\":1,\"name\":\"\u0413\u043b\u0430\u0432\u043d\u0430\u044f \u0441\u0442\u0440\u0430\u043d\u0438\u0446\u0430\",\"item\":\"https:\\\/\\\/mobire.ee\\\/ru\\\/\"},{\"@type\":\"ListItem\",\"position\":2,\"name\":\"Kaebused\\\/ettepanekud\"}]},{\"@type\":\"WebSite\",\"@id\":\"https:\\\/\\\/mobire.ee\\\/ru\\\/#website\",\"url\":\"https:\\\/\\\/mobire.ee\\\/ru\\\/\",\"name\":\"Mobire\",\"description\":\"Mobire\",\"publisher\":{\"@id\":\"https:\\\/\\\/mobire.ee\\\/ru\\\/#organization\"},\"potentialAction\":[{\"@type\":\"SearchAction\",\"target\":{\"@type\":\"EntryPoint\",\"urlTemplate\":\"https:\\\/\\\/mobire.ee\\\/ru\\\/?s={search_term_string}\"},\"query-input\":{\"@type\":\"PropertyValueSpecification\",\"valueRequired\":true,\"valueName\":\"search_term_string\"}}],\"inLanguage\":\"ru-RU\"},{\"@type\":\"Organization\",\"@id\":\"https:\\\/\\\/mobire.ee\\\/ru\\\/#organization\",\"name\":\"Mobire\",\"url\":\"https:\\\/\\\/mobire.ee\\\/ru\\\/\",\"logo\":{\"@type\":\"ImageObject\",\"inLanguage\":\"ru-RU\",\"@id\":\"https:\\\/\\\/mobire.ee\\\/ru\\\/#\\\/schema\\\/logo\\\/image\\\/\",\"url\":\"https:\\\/\\\/mobire.ee\\\/wp-content\\\/uploads\\\/2020\\\/09\\\/mobire_logo.png\",\"contentUrl\":\"https:\\\/\\\/mobire.ee\\\/wp-content\\\/uploads\\\/2020\\\/09\\\/mobire_logo.png\",\"width\":659,\"height\":171,\"caption\":\"Mobire\"},\"image\":{\"@id\":\"https:\\\/\\\/mobire.ee\\\/ru\\\/#\\\/schema\\\/logo\\\/image\\\/\"}}]}<\/script>\n<!-- \/ Yoast SEO plugin. -->","yoast_head_json":{"title":"Kaebused\/ettepanekud | Mobire","description":"K\u00f5igil meie klientidel on \u00f5igus esitada tagasisidet, ettepanekuid ja kaebusi. P\u00fc\u00fcame kaebused lahendada v\u00f5imalikult kiiresti.","robots":{"index":"index","follow":"follow","max-snippet":"max-snippet:-1","max-image-preview":"max-image-preview:large","max-video-preview":"max-video-preview:-1"},"canonical":"https:\/\/mobire.ee\/ru\/kaebused-ettepanekud\/","og_locale":"ru_RU","og_type":"article","og_title":"Kaebused\/ettepanekud | Mobire","og_description":"K\u00f5igil meie klientidel on \u00f5igus esitada tagasisidet, ettepanekuid ja kaebusi. P\u00fc\u00fcame kaebused lahendada v\u00f5imalikult kiiresti.","og_url":"https:\/\/mobire.ee\/ru\/kaebused-ettepanekud\/","og_site_name":"Mobire","article_modified_time":"2023-12-31T10:28:08+00:00","twitter_card":"summary_large_image","schema":{"@context":"https:\/\/schema.org","@graph":[{"@type":"WebPage","@id":"https:\/\/mobire.ee\/ru\/kaebused-ettepanekud\/","url":"https:\/\/mobire.ee\/ru\/kaebused-ettepanekud\/","name":"Kaebused\/ettepanekud | Mobire","isPartOf":{"@id":"https:\/\/mobire.ee\/ru\/#website"},"datePublished":"2021-02-23T10:51:01+00:00","dateModified":"2023-12-31T10:28:08+00:00","description":"K\u00f5igil meie klientidel on \u00f5igus esitada tagasisidet, ettepanekuid ja kaebusi. P\u00fc\u00fcame kaebused lahendada v\u00f5imalikult kiiresti.","breadcrumb":{"@id":"https:\/\/mobire.ee\/ru\/kaebused-ettepanekud\/#breadcrumb"},"inLanguage":"ru-RU","potentialAction":[{"@type":"ReadAction","target":["https:\/\/mobire.ee\/ru\/kaebused-ettepanekud\/"]}]},{"@type":"BreadcrumbList","@id":"https:\/\/mobire.ee\/ru\/kaebused-ettepanekud\/#breadcrumb","itemListElement":[{"@type":"ListItem","position":1,"name":"\u0413\u043b\u0430\u0432\u043d\u0430\u044f \u0441\u0442\u0440\u0430\u043d\u0438\u0446\u0430","item":"https:\/\/mobire.ee\/ru\/"},{"@type":"ListItem","position":2,"name":"Kaebused\/ettepanekud"}]},{"@type":"WebSite","@id":"https:\/\/mobire.ee\/ru\/#website","url":"https:\/\/mobire.ee\/ru\/","name":"Mobire","description":"Mobire","publisher":{"@id":"https:\/\/mobire.ee\/ru\/#organization"},"potentialAction":[{"@type":"SearchAction","target":{"@type":"EntryPoint","urlTemplate":"https:\/\/mobire.ee\/ru\/?s={search_term_string}"},"query-input":{"@type":"PropertyValueSpecification","valueRequired":true,"valueName":"search_term_string"}}],"inLanguage":"ru-RU"},{"@type":"Organization","@id":"https:\/\/mobire.ee\/ru\/#organization","name":"Mobire","url":"https:\/\/mobire.ee\/ru\/","logo":{"@type":"ImageObject","inLanguage":"ru-RU","@id":"https:\/\/mobire.ee\/ru\/#\/schema\/logo\/image\/","url":"https:\/\/mobire.ee\/wp-content\/uploads\/2020\/09\/mobire_logo.png","contentUrl":"https:\/\/mobire.ee\/wp-content\/uploads\/2020\/09\/mobire_logo.png","width":659,"height":171,"caption":"Mobire"},"image":{"@id":"https:\/\/mobire.ee\/ru\/#\/schema\/logo\/image\/"}}]}}}