{"id":45512,"date":"2024-09-30T20:33:09","date_gmt":"2024-09-30T18:33:09","guid":{"rendered":"https:\/\/mobire.ee\/?page_id=45512"},"modified":"2024-09-30T20:34:13","modified_gmt":"2024-09-30T18:34:13","slug":"usloviya-kampanii","status":"publish","type":"page","link":"https:\/\/mobire.ee\/ru\/usloviya-kampanii\/","title":{"rendered":"\u0423\u0441\u043b\u043e\u0432\u0438\u044f \u043a\u0430\u043c\u043f\u0430\u043d\u0438\u0438"},"content":{"rendered":"\n<p><strong>Kampaania \u201eUue autoga, ilma maksuta\u201c tingimused<\/strong><\/p>\n\n\n\n<p>Kampaania \u201eUue autoga, ilma maksuta\u201c ametlikud tingimused (edaspidi: Tingimused):<\/p>\n\n\n\n<ol class=\"wp-block-list\">\n<li>Kampaania \u201eUue autoga, ilma maksuta\u201c (edaspidi: Kampaania) korraldajaks on Mobire Eesti AS [(reg&nbsp;kood 10814092, aadress M\u00e4ealuse 2\/3, 12618 Tallinn) (edaspidi: Mobire)] on isikuandmete vastutav t\u00f6\u00f6tleja ning kasutab isikuandmeid kampaania l\u00e4biviimiseks. <\/li>\n\n\n\n<li>Kampaania toimub Eesti Vabariigis. Kampaania info asub veebilehel <a href=\"https:\/\/mobire.ee\/ru\/campaign\/\">https:\/\/mobire.ee\/kampaania<\/a><\/li>\n\n\n\n<li>Kampaania kestab alates 01.10.2024 kuni 31.12.2024 (kaasa arvatud) v\u00f5i kuni kampaania autosid j\u00e4tkub. Kampaania kehtib vaid Mobire veebilehel mobire.ee olevatele autopakkumistele.<\/li>\n\n\n\n<li>Kampaanias osalemisega kinnitab osaleja, et on tutvunud ja n\u00f5ustunud kampaaniatingimustega.<\/li>\n\n\n\n<li>K\u00f5igile, kes s\u00f5lmivad kampaania perioodil Mobire veebilehe kaudu t\u00e4isteenusrendi lepingu&nbsp; ja liituvad Mobire Standard v\u00f5i Premium teenuspaketiga perioodiks 24-60 kuud katab Mobire kogu rendiperioodiks Eesti riikliku mootors\u00f5iduki aastamaksu, mis hakkab kehtima alates 1.01.2025.<\/li>\n\n\n\n<li>Mootors\u00f5iduki aastamaksu ei arvestata \u00fcmber (sula)rahasse, ei anta v\u00e4lja (sula)rahas ega h\u00fcvitata (sula)rahas. Pakkumine kehtib ainult koos kehtiva t\u00e4isteenusrendi lepinguga ja lepinguperioodil.&nbsp;<\/li>\n\n\n\n<li>Kampaania autona l\u00e4hevad arvesse k\u00f5ik autod, mis on leitavad Mobire veebilehel autode valikus www.mobire.ee\/rendiautod kampaania perioodi jooksul.<\/li>\n\n\n\n<li>Kampaania perioodil s\u00f5lmitud t\u00e4isteenusrendi lepingutele kohanduvad&nbsp; Mobire t\u00e4istenusrendi \u00fclditingimused ja hinnakiri.<\/li>\n\n\n\n<li>Mobire-l on \u00f5igus Kampaania Tingimusi \u00fchepoolselt muuta ning t\u00e4iendada, teavitades sellest Kampaanias osalejaid Mobire kodulehel. Kampaania tingimustes s\u00e4testamata k\u00fcsimustes l\u00e4htutakse Mobire teenuste kirjeldustest ja kulumijuhendist, mis on k\u00e4ttesaadaval Mobire kodulehel www.mobire.ee.<\/li>\n\n\n\n<li>Isikuandmeid t\u00f6\u00f6deldakse koosk\u00f5las kehtivate \u00f5igusaktidega. Isikul on igal ajal \u00f5igus n\u00f5uda oma isikuandmete kustutamist v\u00f5i t\u00f6\u00f6tlemise piiramist(ja n\u00f5usoleku tagasiv\u00f5tmist), v.a juhul kui seadus ei s\u00e4testa teisiti.<\/li>\n\n\n\n<li>Mobire privaatsuspoliitikaga ning \u00f5igustega isikuandmete t\u00f6\u00f6tlemisel on v\u00f5imalik l\u00e4hemalt tutvuda <a href=\"https:\/\/mobire.ee\/ru\/privatnost\/\">https:\/\/mobire.ee\/privaatsus\/<\/a><\/li>\n\n\n\n<li>Korraldaja andmekaitsetingimused, k\u00fcpsiste kasutamise p\u00f5him\u00f5tted ja isikuandmete vastuv\u00f5tjate nimekiri on k\u00e4ttesaadav veebilehtedel <a href=\"https:\/\/mobire.ee\/ru\/privatnost\/\">https:\/\/mobire.ee\/privaatsus\/<\/a> ja <a href=\"https:\/\/mobire.ee\/ru\/cookies\/\">https:\/\/mobire.ee\/kupsised\/<\/a>.<\/li>\n\n\n\n<li>Kampaaniaga seoses tekkivate k\u00fcsimuste v\u00f5i pretensioonide korral palume p\u00f6\u00f6rduda e-maili aadressil veeb@mobire.ee v\u00f5i telefonil (+372)55537622 (E-R&nbsp; 9.00-17.00).<\/li>\n\n\n\n<li>Mobire j\u00e4tab endale \u00f5iguse Kampaania tingimustel kliendiga lepingut mitte s\u00f5lmida, kui ilmnevad asjaolud, mis v\u00e4listavad Kampaania tingimustel lepingu s\u00f5lmimise.<\/li>\n\n\n\n<li>K\u00f5ik kampaaniat puudutavad vaidlused lahendatakse Eesti Vabariigi seaduste alusel.<\/li>\n<\/ol>\n","protected":false},"excerpt":{"rendered":"<p>Kampaania \u201eUue autoga, ilma maksuta\u201c tingimused Kampaania \u201eUue autoga, ilma maksuta\u201c ametlikud tingimused (edaspidi: Tingimused):<\/p>\n","protected":false},"author":28,"featured_media":0,"parent":0,"menu_order":0,"comment_status":"closed","ping_status":"closed","template":"","meta":{"_acf_changed":false,"footnotes":""},"class_list":["post-45512","page","type-page","status-publish","hentry"],"acf":[],"yoast_head":"<!-- This site is optimized with the Yoast SEO plugin v27.3 - https:\/\/yoast.com\/product\/yoast-seo-wordpress\/ -->\n<title>\u0423\u0441\u043b\u043e\u0432\u0438\u044f \u043a\u0430\u043c\u043f\u0430\u043d\u0438\u0438 | Mobire<\/title>\n<meta name=\"robots\" content=\"index, follow, max-snippet:-1, max-image-preview:large, max-video-preview:-1\" \/>\n<link rel=\"canonical\" href=\"https:\/\/mobire.ee\/ru\/usloviya-kampanii\/\" \/>\n<meta property=\"og:locale\" content=\"ru_RU\" \/>\n<meta property=\"og:type\" content=\"article\" \/>\n<meta property=\"og:title\" content=\"\u0423\u0441\u043b\u043e\u0432\u0438\u044f \u043a\u0430\u043c\u043f\u0430\u043d\u0438\u0438 | Mobire\" \/>\n<meta property=\"og:description\" content=\"Kampaania \u201eUue autoga, ilma maksuta\u201c tingimused Kampaania \u201eUue autoga, ilma maksuta\u201c ametlikud tingimused (edaspidi: Tingimused):\" \/>\n<meta property=\"og:url\" content=\"https:\/\/mobire.ee\/ru\/usloviya-kampanii\/\" \/>\n<meta property=\"og:site_name\" content=\"Mobire\" \/>\n<meta property=\"article:modified_time\" content=\"2024-09-30T18:34:13+00:00\" \/>\n<meta name=\"twitter:card\" content=\"summary_large_image\" \/>\n<meta name=\"twitter:label1\" content=\"\u041f\u0440\u0438\u043c\u0435\u0440\u043d\u043e\u0435 \u0432\u0440\u0435\u043c\u044f \u0434\u043b\u044f \u0447\u0442\u0435\u043d\u0438\u044f\" \/>\n\t<meta name=\"twitter:data1\" content=\"2 \u043c\u0438\u043d\u0443\u0442\u044b\" \/>\n<script type=\"application\/ld+json\" class=\"yoast-schema-graph\">{\"@context\":\"https:\\\/\\\/schema.org\",\"@graph\":[{\"@type\":\"WebPage\",\"@id\":\"https:\\\/\\\/mobire.ee\\\/ru\\\/usloviya-kampanii\\\/\",\"url\":\"https:\\\/\\\/mobire.ee\\\/ru\\\/usloviya-kampanii\\\/\",\"name\":\"\u0423\u0441\u043b\u043e\u0432\u0438\u044f \u043a\u0430\u043c\u043f\u0430\u043d\u0438\u0438 | Mobire\",\"isPartOf\":{\"@id\":\"https:\\\/\\\/mobire.ee\\\/ru\\\/#website\"},\"datePublished\":\"2024-09-30T18:33:09+00:00\",\"dateModified\":\"2024-09-30T18:34:13+00:00\",\"breadcrumb\":{\"@id\":\"https:\\\/\\\/mobire.ee\\\/ru\\\/usloviya-kampanii\\\/#breadcrumb\"},\"inLanguage\":\"ru-RU\",\"potentialAction\":[{\"@type\":\"ReadAction\",\"target\":[\"https:\\\/\\\/mobire.ee\\\/ru\\\/usloviya-kampanii\\\/\"]}]},{\"@type\":\"BreadcrumbList\",\"@id\":\"https:\\\/\\\/mobire.ee\\\/ru\\\/usloviya-kampanii\\\/#breadcrumb\",\"itemListElement\":[{\"@type\":\"ListItem\",\"position\":1,\"name\":\"\u0413\u043b\u0430\u0432\u043d\u0430\u044f \u0441\u0442\u0440\u0430\u043d\u0438\u0446\u0430\",\"item\":\"https:\\\/\\\/mobire.ee\\\/ru\\\/\"},{\"@type\":\"ListItem\",\"position\":2,\"name\":\"\u0423\u0441\u043b\u043e\u0432\u0438\u044f \u043a\u0430\u043c\u043f\u0430\u043d\u0438\u0438\"}]},{\"@type\":\"WebSite\",\"@id\":\"https:\\\/\\\/mobire.ee\\\/ru\\\/#website\",\"url\":\"https:\\\/\\\/mobire.ee\\\/ru\\\/\",\"name\":\"Mobire\",\"description\":\"Mobire\",\"publisher\":{\"@id\":\"https:\\\/\\\/mobire.ee\\\/ru\\\/#organization\"},\"potentialAction\":[{\"@type\":\"SearchAction\",\"target\":{\"@type\":\"EntryPoint\",\"urlTemplate\":\"https:\\\/\\\/mobire.ee\\\/ru\\\/?s={search_term_string}\"},\"query-input\":{\"@type\":\"PropertyValueSpecification\",\"valueRequired\":true,\"valueName\":\"search_term_string\"}}],\"inLanguage\":\"ru-RU\"},{\"@type\":\"Organization\",\"@id\":\"https:\\\/\\\/mobire.ee\\\/ru\\\/#organization\",\"name\":\"Mobire\",\"url\":\"https:\\\/\\\/mobire.ee\\\/ru\\\/\",\"logo\":{\"@type\":\"ImageObject\",\"inLanguage\":\"ru-RU\",\"@id\":\"https:\\\/\\\/mobire.ee\\\/ru\\\/#\\\/schema\\\/logo\\\/image\\\/\",\"url\":\"https:\\\/\\\/mobire.ee\\\/wp-content\\\/uploads\\\/2020\\\/09\\\/mobire_logo.png\",\"contentUrl\":\"https:\\\/\\\/mobire.ee\\\/wp-content\\\/uploads\\\/2020\\\/09\\\/mobire_logo.png\",\"width\":659,\"height\":171,\"caption\":\"Mobire\"},\"image\":{\"@id\":\"https:\\\/\\\/mobire.ee\\\/ru\\\/#\\\/schema\\\/logo\\\/image\\\/\"}}]}<\/script>\n<!-- \/ Yoast SEO plugin. -->","yoast_head_json":{"title":"\u0423\u0441\u043b\u043e\u0432\u0438\u044f \u043a\u0430\u043c\u043f\u0430\u043d\u0438\u0438 | Mobire","robots":{"index":"index","follow":"follow","max-snippet":"max-snippet:-1","max-image-preview":"max-image-preview:large","max-video-preview":"max-video-preview:-1"},"canonical":"https:\/\/mobire.ee\/ru\/usloviya-kampanii\/","og_locale":"ru_RU","og_type":"article","og_title":"\u0423\u0441\u043b\u043e\u0432\u0438\u044f \u043a\u0430\u043c\u043f\u0430\u043d\u0438\u0438 | Mobire","og_description":"Kampaania \u201eUue autoga, ilma maksuta\u201c tingimused Kampaania \u201eUue autoga, ilma maksuta\u201c ametlikud tingimused (edaspidi: Tingimused):","og_url":"https:\/\/mobire.ee\/ru\/usloviya-kampanii\/","og_site_name":"Mobire","article_modified_time":"2024-09-30T18:34:13+00:00","twitter_card":"summary_large_image","twitter_misc":{"\u041f\u0440\u0438\u043c\u0435\u0440\u043d\u043e\u0435 \u0432\u0440\u0435\u043c\u044f \u0434\u043b\u044f \u0447\u0442\u0435\u043d\u0438\u044f":"2 \u043c\u0438\u043d\u0443\u0442\u044b"},"schema":{"@context":"https:\/\/schema.org","@graph":[{"@type":"WebPage","@id":"https:\/\/mobire.ee\/ru\/usloviya-kampanii\/","url":"https:\/\/mobire.ee\/ru\/usloviya-kampanii\/","name":"\u0423\u0441\u043b\u043e\u0432\u0438\u044f \u043a\u0430\u043c\u043f\u0430\u043d\u0438\u0438 | Mobire","isPartOf":{"@id":"https:\/\/mobire.ee\/ru\/#website"},"datePublished":"2024-09-30T18:33:09+00:00","dateModified":"2024-09-30T18:34:13+00:00","breadcrumb":{"@id":"https:\/\/mobire.ee\/ru\/usloviya-kampanii\/#breadcrumb"},"inLanguage":"ru-RU","potentialAction":[{"@type":"ReadAction","target":["https:\/\/mobire.ee\/ru\/usloviya-kampanii\/"]}]},{"@type":"BreadcrumbList","@id":"https:\/\/mobire.ee\/ru\/usloviya-kampanii\/#breadcrumb","itemListElement":[{"@type":"ListItem","position":1,"name":"\u0413\u043b\u0430\u0432\u043d\u0430\u044f \u0441\u0442\u0440\u0430\u043d\u0438\u0446\u0430","item":"https:\/\/mobire.ee\/ru\/"},{"@type":"ListItem","position":2,"name":"\u0423\u0441\u043b\u043e\u0432\u0438\u044f \u043a\u0430\u043c\u043f\u0430\u043d\u0438\u0438"}]},{"@type":"WebSite","@id":"https:\/\/mobire.ee\/ru\/#website","url":"https:\/\/mobire.ee\/ru\/","name":"Mobire","description":"Mobire","publisher":{"@id":"https:\/\/mobire.ee\/ru\/#organization"},"potentialAction":[{"@type":"SearchAction","target":{"@type":"EntryPoint","urlTemplate":"https:\/\/mobire.ee\/ru\/?s={search_term_string}"},"query-input":{"@type":"PropertyValueSpecification","valueRequired":true,"valueName":"search_term_string"}}],"inLanguage":"ru-RU"},{"@type":"Organization","@id":"https:\/\/mobire.ee\/ru\/#organization","name":"Mobire","url":"https:\/\/mobire.ee\/ru\/","logo":{"@type":"ImageObject","inLanguage":"ru-RU","@id":"https:\/\/mobire.ee\/ru\/#\/schema\/logo\/image\/","url":"https:\/\/mobire.ee\/wp-content\/uploads\/2020\/09\/mobire_logo.png","contentUrl":"https:\/\/mobire.ee\/wp-content\/uploads\/2020\/09\/mobire_logo.png","width":659,"height":171,"caption":"Mobire"},"image":{"@id":"https:\/\/mobire.ee\/ru\/#\/schema\/logo\/image\/"}}]}}}