{"id":58914,"date":"2025-06-05T09:39:47","date_gmt":"2025-06-05T07:39:47","guid":{"rendered":"https:\/\/mobire.ee\/?page_id=58914"},"modified":"2025-07-02T12:31:36","modified_gmt":"2025-07-02T10:31:36","slug":"loosikampaania","status":"publish","type":"page","link":"https:\/\/mobire.ee\/ru\/loosikampaania\/","title":{"rendered":"Loosikampaania"},"content":{"rendered":"\n<p><\/p>\n\n\n\n<div  class=\"block__wrapper block__enhanced-list\" >\n  <div class=\"container\">\n\n          <div class=\"row\">\n        <div class=\"col-12\">\n\n                      <h2 class=\"block__enhanced-list--heading\">Mobire t\u00e4isteenusrendi eelised<\/h2>\n          \n          \n        <\/div>\n      <\/div>\n    \n          <div class=\"row\">\n\n        \n          <div class=\"col-md-6\">\n            <div class=\"block__enhanced-list--column\">\n              <img decoding=\"async\" src=\"https:\/\/mobire.ee\/wp-content\/uploads\/2023\/02\/no_deposit.svg\" alt=\"Soovi korral saad meilt uue auto ilma esmase sissemakseta.\" class=\"block__enhanced-list--image\">\n              <div class=\"block__enhanced-list--column-inner\">\n                <h4 class=\"block__enhanced-list--title\">Auto k\u00e4tte al 0\u20ac<\/h4>\n                \n                                  <p class=\"block__enhanced-list--description\">Soovi korral saad meilt uue auto ilma esmase sissemakseta.<\/p>\n                \n              <\/div>\n            <\/div>\n          <\/div>\n        \n          <div class=\"col-md-6\">\n            <div class=\"block__enhanced-list--column\">\n              <img decoding=\"async\" src=\"https:\/\/mobire.ee\/wp-content\/uploads\/2023\/02\/fixed_deposit.svg\" alt=\"Mobire Premium teenuspaketiga on k\u00f5ik autoga seotud kulud kuumakses ja fikseeritud kogu rendiperioodiks.\" class=\"block__enhanced-list--image\">\n              <div class=\"block__enhanced-list--column-inner\">\n                <h4 class=\"block__enhanced-list--title\">Fikseeritud kuumakse<\/h4>\n                \n                                  <p class=\"block__enhanced-list--description\">Mobire Premium teenuspaketiga on k\u00f5ik autoga seotud kulud kuumakses ja fikseeritud kogu rendiperioodiks.<\/p>\n                \n              <\/div>\n            <\/div>\n          <\/div>\n        \n          <div class=\"col-md-6\">\n            <div class=\"block__enhanced-list--column\">\n              <img decoding=\"async\" src=\"https:\/\/mobire.ee\/wp-content\/uploads\/2023\/02\/returns.svg\" alt=\"Vajadusel saad auto tagastada v\u00f5i uue vastu vahetada juba enne rendiperioodi l\u00f5ppu.\" class=\"block__enhanced-list--image\">\n              <div class=\"block__enhanced-list--column-inner\">\n                <h4 class=\"block__enhanced-list--title\">Paindlik tagastamine ja autovahetus<\/h4>\n                \n                                  <p class=\"block__enhanced-list--description\">Vajadusel saad auto tagastada v\u00f5i uue vastu vahetada juba enne rendiperioodi l\u00f5ppu.<\/p>\n                \n              <\/div>\n            <\/div>\n          <\/div>\n        \n          <div class=\"col-md-6\">\n            <div class=\"block__enhanced-list--column\">\n              <img decoding=\"async\" src=\"https:\/\/mobire.ee\/wp-content\/uploads\/2023\/02\/saving_time.svg\" alt=\"Mobire tegeleb auto halduse teemadega (hoolduste, rehvivahetuste, kindlustusjuhtumite jm), selleks et Sina saaksid muretult s\u00f5ita.\" class=\"block__enhanced-list--image\">\n              <div class=\"block__enhanced-list--column-inner\">\n                <h4 class=\"block__enhanced-list--title\">S\u00e4\u00e4stame Sinu aega ja n\u00e4rve<\/h4>\n                \n                                  <p class=\"block__enhanced-list--description\">Mobire tegeleb auto halduse teemadega (hoolduste, rehvivahetuste, kindlustusjuhtumite jm), selleks et Sina saaksid muretult s\u00f5ita.<\/p>\n                \n              <\/div>\n            <\/div>\n          <\/div>\n        \n          <div class=\"col-md-6\">\n            <div class=\"block__enhanced-list--column\">\n              <img decoding=\"async\" src=\"https:\/\/mobire.ee\/wp-content\/uploads\/2023\/05\/new_car.svg\" alt=\"K\u00f5ik Mobire veebivalikus olevad autod on t\u00e4iesti uued ja kiirelt saadaval. Pikema tarneaja puhul anname Sulle asendusauto uue tellitud s\u00f5iduki saabumiseni.\" class=\"block__enhanced-list--image\">\n              <div class=\"block__enhanced-list--column-inner\">\n                <h4 class=\"block__enhanced-list--title\">Alati uued auto kiirelt k\u00e4tte<\/h4>\n                \n                                  <p class=\"block__enhanced-list--description\">K\u00f5ik Mobire veebivalikus olevad autod on t\u00e4iesti uued ja kiirelt saadaval. Pikema tarneaja puhul anname Sulle asendusauto uue tellitud s\u00f5iduki saabumiseni.<\/p>\n                \n              <\/div>\n            <\/div>\n          <\/div>\n        \n          <div class=\"col-md-6\">\n            <div class=\"block__enhanced-list--column\">\n              <img decoding=\"async\" src=\"https:\/\/mobire.ee\/wp-content\/uploads\/2023\/02\/replacement_car.svg\" alt=\"Mobire t\u00e4isteenusrendi hinnas sisaldub asendusauto. Selleks, et Sina p\u00fcsiksid alati liikumises.\" class=\"block__enhanced-list--image\">\n              <div class=\"block__enhanced-list--column-inner\">\n                <h4 class=\"block__enhanced-list--title\">Asendusauto hinnas<\/h4>\n                \n                                  <p class=\"block__enhanced-list--description\">Mobire t\u00e4isteenusrendi hinnas sisaldub asendusauto. Selleks, et Sina p\u00fcsiksid alati liikumises.<\/p>\n                \n              <\/div>\n            <\/div>\n          <\/div>\n        \n      <\/div>\n    \n      <\/div>\n<\/div>","protected":false},"excerpt":{"rendered":"","protected":false},"author":25,"featured_media":0,"parent":0,"menu_order":0,"comment_status":"closed","ping_status":"closed","template":"page-templates\/winter_campaign-v3.php","meta":{"_acf_changed":false,"footnotes":""},"class_list":["post-58914","page","type-page","status-publish","hentry"],"acf":[],"yoast_head":"<!-- This site is optimized with the Yoast SEO plugin v27.3 - https:\/\/yoast.com\/product\/yoast-seo-wordpress\/ -->\n<title>Loosikampaania | Mobire<\/title>\n<meta name=\"robots\" content=\"index, follow, max-snippet:-1, max-image-preview:large, max-video-preview:-1\" \/>\n<link rel=\"canonical\" href=\"https:\/\/mobire.ee\/ru\/loosikampaania\/\" \/>\n<meta property=\"og:locale\" content=\"ru_RU\" \/>\n<meta property=\"og:type\" content=\"article\" \/>\n<meta property=\"og:title\" content=\"Loosikampaania | Mobire\" \/>\n<meta property=\"og:url\" content=\"https:\/\/mobire.ee\/ru\/loosikampaania\/\" \/>\n<meta property=\"og:site_name\" content=\"Mobire\" \/>\n<meta property=\"article:modified_time\" content=\"2025-07-02T10:31:36+00:00\" \/>\n<meta name=\"twitter:card\" content=\"summary_large_image\" \/>\n<script type=\"application\/ld+json\" class=\"yoast-schema-graph\">{\"@context\":\"https:\\\/\\\/schema.org\",\"@graph\":[{\"@type\":\"WebPage\",\"@id\":\"https:\\\/\\\/mobire.ee\\\/ru\\\/loosikampaania\\\/\",\"url\":\"https:\\\/\\\/mobire.ee\\\/ru\\\/loosikampaania\\\/\",\"name\":\"Loosikampaania | Mobire\",\"isPartOf\":{\"@id\":\"https:\\\/\\\/mobire.ee\\\/ru\\\/#website\"},\"datePublished\":\"2025-06-05T07:39:47+00:00\",\"dateModified\":\"2025-07-02T10:31:36+00:00\",\"breadcrumb\":{\"@id\":\"https:\\\/\\\/mobire.ee\\\/ru\\\/loosikampaania\\\/#breadcrumb\"},\"inLanguage\":\"ru-RU\",\"potentialAction\":[{\"@type\":\"ReadAction\",\"target\":[\"https:\\\/\\\/mobire.ee\\\/ru\\\/loosikampaania\\\/\"]}]},{\"@type\":\"BreadcrumbList\",\"@id\":\"https:\\\/\\\/mobire.ee\\\/ru\\\/loosikampaania\\\/#breadcrumb\",\"itemListElement\":[{\"@type\":\"ListItem\",\"position\":1,\"name\":\"\u0413\u043b\u0430\u0432\u043d\u0430\u044f \u0441\u0442\u0440\u0430\u043d\u0438\u0446\u0430\",\"item\":\"https:\\\/\\\/mobire.ee\\\/ru\\\/\"},{\"@type\":\"ListItem\",\"position\":2,\"name\":\"Loosikampaania\"}]},{\"@type\":\"WebSite\",\"@id\":\"https:\\\/\\\/mobire.ee\\\/ru\\\/#website\",\"url\":\"https:\\\/\\\/mobire.ee\\\/ru\\\/\",\"name\":\"Mobire\",\"description\":\"Mobire\",\"publisher\":{\"@id\":\"https:\\\/\\\/mobire.ee\\\/ru\\\/#organization\"},\"potentialAction\":[{\"@type\":\"SearchAction\",\"target\":{\"@type\":\"EntryPoint\",\"urlTemplate\":\"https:\\\/\\\/mobire.ee\\\/ru\\\/?s={search_term_string}\"},\"query-input\":{\"@type\":\"PropertyValueSpecification\",\"valueRequired\":true,\"valueName\":\"search_term_string\"}}],\"inLanguage\":\"ru-RU\"},{\"@type\":\"Organization\",\"@id\":\"https:\\\/\\\/mobire.ee\\\/ru\\\/#organization\",\"name\":\"Mobire\",\"url\":\"https:\\\/\\\/mobire.ee\\\/ru\\\/\",\"logo\":{\"@type\":\"ImageObject\",\"inLanguage\":\"ru-RU\",\"@id\":\"https:\\\/\\\/mobire.ee\\\/ru\\\/#\\\/schema\\\/logo\\\/image\\\/\",\"url\":\"https:\\\/\\\/mobire.ee\\\/wp-content\\\/uploads\\\/2020\\\/09\\\/mobire_logo.png\",\"contentUrl\":\"https:\\\/\\\/mobire.ee\\\/wp-content\\\/uploads\\\/2020\\\/09\\\/mobire_logo.png\",\"width\":659,\"height\":171,\"caption\":\"Mobire\"},\"image\":{\"@id\":\"https:\\\/\\\/mobire.ee\\\/ru\\\/#\\\/schema\\\/logo\\\/image\\\/\"}}]}<\/script>\n<!-- \/ Yoast SEO plugin. -->","yoast_head_json":{"title":"Loosikampaania | Mobire","robots":{"index":"index","follow":"follow","max-snippet":"max-snippet:-1","max-image-preview":"max-image-preview:large","max-video-preview":"max-video-preview:-1"},"canonical":"https:\/\/mobire.ee\/ru\/loosikampaania\/","og_locale":"ru_RU","og_type":"article","og_title":"Loosikampaania | Mobire","og_url":"https:\/\/mobire.ee\/ru\/loosikampaania\/","og_site_name":"Mobire","article_modified_time":"2025-07-02T10:31:36+00:00","twitter_card":"summary_large_image","schema":{"@context":"https:\/\/schema.org","@graph":[{"@type":"WebPage","@id":"https:\/\/mobire.ee\/ru\/loosikampaania\/","url":"https:\/\/mobire.ee\/ru\/loosikampaania\/","name":"Loosikampaania | Mobire","isPartOf":{"@id":"https:\/\/mobire.ee\/ru\/#website"},"datePublished":"2025-06-05T07:39:47+00:00","dateModified":"2025-07-02T10:31:36+00:00","breadcrumb":{"@id":"https:\/\/mobire.ee\/ru\/loosikampaania\/#breadcrumb"},"inLanguage":"ru-RU","potentialAction":[{"@type":"ReadAction","target":["https:\/\/mobire.ee\/ru\/loosikampaania\/"]}]},{"@type":"BreadcrumbList","@id":"https:\/\/mobire.ee\/ru\/loosikampaania\/#breadcrumb","itemListElement":[{"@type":"ListItem","position":1,"name":"\u0413\u043b\u0430\u0432\u043d\u0430\u044f \u0441\u0442\u0440\u0430\u043d\u0438\u0446\u0430","item":"https:\/\/mobire.ee\/ru\/"},{"@type":"ListItem","position":2,"name":"Loosikampaania"}]},{"@type":"WebSite","@id":"https:\/\/mobire.ee\/ru\/#website","url":"https:\/\/mobire.ee\/ru\/","name":"Mobire","description":"Mobire","publisher":{"@id":"https:\/\/mobire.ee\/ru\/#organization"},"potentialAction":[{"@type":"SearchAction","target":{"@type":"EntryPoint","urlTemplate":"https:\/\/mobire.ee\/ru\/?s={search_term_string}"},"query-input":{"@type":"PropertyValueSpecification","valueRequired":true,"valueName":"search_term_string"}}],"inLanguage":"ru-RU"},{"@type":"Organization","@id":"https:\/\/mobire.ee\/ru\/#organization","name":"Mobire","url":"https:\/\/mobire.ee\/ru\/","logo":{"@type":"ImageObject","inLanguage":"ru-RU","@id":"https:\/\/mobire.ee\/ru\/#\/schema\/logo\/image\/","url":"https:\/\/mobire.ee\/wp-content\/uploads\/2020\/09\/mobire_logo.png","contentUrl":"https:\/\/mobire.ee\/wp-content\/uploads\/2020\/09\/mobire_logo.png","width":659,"height":171,"caption":"Mobire"},"image":{"@id":"https:\/\/mobire.ee\/ru\/#\/schema\/logo\/image\/"}}]}}}