{"id":70921,"date":"2026-04-10T09:09:43","date_gmt":"2026-04-10T07:09:43","guid":{"rendered":"https:\/\/mobire.ee\/?page_id=70921"},"modified":"2026-04-10T09:10:04","modified_gmt":"2026-04-10T07:10:04","slug":"mobire-kampaania-kasutatud-autode-taisteenusrendi-eripakkumine-tingimused","status":"publish","type":"page","link":"https:\/\/mobire.ee\/ru\/mobire-kampaania-kasutatud-autode-taisteenusrendi-eripakkumine-tingimused\/","title":{"rendered":"Mobire kampaania\u00a0 \u201eKasutatud autode t\u00e4isteenusrendi eripakkumine\u201d tingimused"},"content":{"rendered":"\n<p><strong>1. Kampaania \u00fcldtingimused<\/strong><br>1.1. Kampaania \u201eKasutatud autode t\u00e4isteenusrendi eripakkumine\u201c (edaspidi Kampaania) toimub ajavahemikus 1. aprill 2026 kuni 31. detsember 2026 (kaasa arvatud).<br>1.2. Kampaania korraldajaks on Mobire Eesti AS, reg\u00a0kood 10814092, aadress M\u00e4ealuse 2\/3, 12618 Tallinn (edaspidi Korraldaja).<br>1.3. Kampaania raames annab Korraldaja valitud v\u00e4hekasutatud s\u00f5idukeid t\u00e4isteenusrendile soodsama kuumaksega vastavalt k\u00e4esolevatele Kampaania tingimustele.<br>1.4. <a>K\u00e4esolevad Kampaania tingimused on eritingimused Mobire s\u00f5iduki rendi \u00fcldtingimuste (edaspidi \u00dcldtingimused) suhtes. K\u00e4esolevate Kampaania tingimuste ja \u00dcldtingimuste vastuolu korral kohaldatakse Kampaania tingimusi.<\/a><br><strong>2. Kampaanias osalemise n\u00f5uded<\/strong><br>2.1. Kampaanias osalevad k\u00f5ik f\u00fc\u00fcsilised ja juriidilised isikud, kes Kampaania perioodil s\u00f5lmivad Korraldajaga Kampaania s\u00f5idukile t\u00e4isteenusrendi lepingu (edaspidi Klient) ja vastavad j\u00e4rgmistele tingimustele:<br>on v\u00e4hemalt 23-aastane;<br>ei ole vanem kui 75-aastane;<br>omab kehtivat Eesti Vabariigi juhiluba;<br>omab juhtimis\u00f5igust v\u00e4hemalt 2 aastat;<br>puuduvad kehtivad makseh\u00e4ired;<br>s\u00f5iduk on tavakasutuses (st mitte taksoteenuse osutamiseks v\u00f5i muuks \u00e4riliseks veoteenuseks);<br>on n\u00f5ustunud Korraldaja privaatsustingimustega.<br>2.2. Kampaanias ei saa osaleda Kliendid, kes ei vasta punktis 2.1 toodud tingimustele.<br>2.3. Kampaanias osalemisega kinnitab Klient, et on k\u00e4esolevate tingimustega tutvunud, neist aru saanud ning n\u00f5ustub nendega t\u00e4ielikult.<br>2.4. Kampaania kehtib ainult s\u00f5idukitele, mis on loetletud Korraldaja kampaanialehel <a href=\"http:\/\/www.mobire.ee\/kampaania\">www.mobire.ee\/kampaania<\/a>. Kampaania s\u00f5idukite valik on ajas muutuv.<br><strong>3. Kampaania eritingimused<\/strong><br>3.1. Kampaania s\u00f5idukitele ei kohaldata \u00dcldtingimustes s\u00e4testatud lepingu l\u00f5petamise tasu arvestamise korda. Kampaania s\u00f5idukite ennet\u00e4htaegsel tagastamisel kohaldub kogu rendiperioodi v\u00e4ltel lepingu l\u00f5petamise tasu 5 kuumakse ulatuses.<br>3.2. Kampaania s\u00f5idukit saab rentida ainult kampaanialehel kuvatud tingimustel (rendiperiood, l\u00e4bis\u00f5idupiirang, kuumakse).\u00a0\u00a0\u00a0\u00a0\u00a0\u00a0\u00a0\u00a0\u00a0\u00a0 \u00a0\u00a0\u00a0\u00a0\u00a0\u00a0\u00a0\u00a0\u00a0\u00a0\u00a0\u00a0\u00a0\u00a0\u00a0\u00a0\u00a0\u00a0\u00a0\u00a0\u00a0\u00a0\u00a0\u00a0\u00a0\u00a0\u00a0\u00a0\u00a0\u00a0\u00a0\u00a0\u00a0\u00a0\u00a0\u00a0\u00a0\u00a0\u00a0\u00a0\u00a0\u00a0\u00a0\u00a0\u00a0\u00a0\u00a0\u00a0\u00a0\u00a0\u00a0\u00a0\u00a0\u00a0\u00a0\u00a0\u00a0\u00a0\u00a0<br><strong>4. Isikuandmete t\u00f6\u00f6tlemine<\/strong><br>4.1. Kampaanias osalemisega n\u00f5ustub Klient Korraldaja privaatsustingimustega, mis on leitavad <a href=\"https:\/\/morecar.ee\/privaatsuspoliitika\/\">SIIN<\/a>.<br>4.2. Isikuandmete t\u00f6\u00f6tlemine turunduslikel eesm\u00e4rkidel toimub \u00fcksnes juhul, kui Klient on andnud selleks eraldi n\u00f5usoleku.<br><strong>5. Muud tingimused<\/strong><br>5.1. Korraldajal on \u00f5igus Kampaania tingimusi m\u00f5juval p\u00f5hjusel muuta v\u00f5i t\u00e4iendada, avaldades vastava teate oma veebilehel <a href=\"https:\/\/mobire.ee\/\">https:\/\/mobire.ee\/<\/a>. Muudatused j\u00f5ustuvad nende avaldamisest.<br>5.2. Korraldaja j\u00e4tab endale \u00f5iguse Kampaania m\u00f5juval p\u00f5hjusel l\u00f5petada v\u00f5i peatada, teavitades sellest Kliente oma veebilehel https:\/\/<a href=\"https:\/\/morecar.ee\/\">mobire.ee<\/a>.<br>5.3. Korraldaja ei vastuta Kampaania l\u00e4biviimisega seotud v\u00f5imalike katkestuste, viivituste v\u00f5i tehniliste probleemide eest, mis on p\u00f5hjustatud v\u00e4\u00e4ramatust j\u00f5ust (force majeure) v\u00f5i muudest Korraldajast s\u00f5ltumatutest asjaoludest.<br>5.4. K\u00f5ik Kampaaniast tulenevad vaidlused p\u00fc\u00fctakse lahendada l\u00e4bir\u00e4\u00e4kimiste teel. Kokkuleppe mittesaavutamisel lahendatakse vaidlused Eesti Vabariigi seaduste alusel.<br><strong>6. Kontakt<\/strong><br>6.1. Kampaaniaga seotud k\u00fcsimuste v\u00f5i pretensioonide korral palume p\u00f6\u00f6rduda:<br>\u2013 e-posti teel: <a href=\"mailto:veeb@mobire.ee\">veeb@mobire.ee<\/a>;<br>\u2013 telefoni teel: 13500 (E\u2013R kell 9:00\u201317:00).<\/p>\n","protected":false},"excerpt":{"rendered":"<p>1. Kampaania \u00fcldtingimused1.1. Kampaania \u201eKasutatud autode t\u00e4isteenusrendi eripakkumine\u201c (edaspidi Kampaania) toimub ajavahemikus 1. aprill 2026 kuni 31. detsember 2026 (kaasa arvatud).1.2. Kampaania korraldajaks on Mobire Eesti AS, reg\u00a0kood 10814092, aadress M\u00e4ealuse 2\/3, 12618 Tallinn (edaspidi Korraldaja).1.3. Kampaania raames annab Korraldaja valitud v\u00e4hekasutatud s\u00f5idukeid t\u00e4isteenusrendile soodsama kuumaksega vastavalt k\u00e4esolevatele Kampaania tingimustele.1.4. K\u00e4esolevad Kampaania tingimused on eritingimused [&hellip;]<\/p>\n","protected":false},"author":33,"featured_media":0,"parent":0,"menu_order":0,"comment_status":"closed","ping_status":"closed","template":"","meta":{"_acf_changed":false,"footnotes":""},"class_list":["post-70921","page","type-page","status-publish","hentry"],"acf":[],"yoast_head":"<!-- This site is optimized with the Yoast SEO plugin v27.3 - https:\/\/yoast.com\/product\/yoast-seo-wordpress\/ -->\n<title>Mobire kampaania\u00a0 \u201eKasutatud autode t\u00e4isteenusrendi eripakkumine\u201d tingimused | Mobire<\/title>\n<meta name=\"robots\" content=\"index, follow, max-snippet:-1, max-image-preview:large, max-video-preview:-1\" \/>\n<link rel=\"canonical\" href=\"https:\/\/mobire.ee\/ru\/mobire-kampaania-kasutatud-autode-taisteenusrendi-eripakkumine-tingimused\/\" \/>\n<meta property=\"og:locale\" content=\"ru_RU\" \/>\n<meta property=\"og:type\" content=\"article\" \/>\n<meta property=\"og:title\" content=\"Mobire kampaania\u00a0 \u201eKasutatud autode t\u00e4isteenusrendi eripakkumine\u201d tingimused | Mobire\" \/>\n<meta property=\"og:description\" content=\"1. Kampaania \u00fcldtingimused1.1. Kampaania \u201eKasutatud autode t\u00e4isteenusrendi eripakkumine\u201c (edaspidi Kampaania) toimub ajavahemikus 1. aprill 2026 kuni 31. detsember 2026 (kaasa arvatud).1.2. Kampaania korraldajaks on Mobire Eesti AS, reg\u00a0kood 10814092, aadress M\u00e4ealuse 2\/3, 12618 Tallinn (edaspidi Korraldaja).1.3. Kampaania raames annab Korraldaja valitud v\u00e4hekasutatud s\u00f5idukeid t\u00e4isteenusrendile soodsama kuumaksega vastavalt k\u00e4esolevatele Kampaania tingimustele.1.4. K\u00e4esolevad Kampaania tingimused on eritingimused [&hellip;]\" \/>\n<meta property=\"og:url\" content=\"https:\/\/mobire.ee\/ru\/mobire-kampaania-kasutatud-autode-taisteenusrendi-eripakkumine-tingimused\/\" \/>\n<meta property=\"og:site_name\" content=\"Mobire\" \/>\n<meta property=\"article:modified_time\" content=\"2026-04-10T07:10:04+00:00\" \/>\n<meta name=\"twitter:card\" content=\"summary_large_image\" \/>\n<meta name=\"twitter:label1\" content=\"\u041f\u0440\u0438\u043c\u0435\u0440\u043d\u043e\u0435 \u0432\u0440\u0435\u043c\u044f \u0434\u043b\u044f \u0447\u0442\u0435\u043d\u0438\u044f\" \/>\n\t<meta name=\"twitter:data1\" content=\"2 \u043c\u0438\u043d\u0443\u0442\u044b\" \/>\n<script type=\"application\/ld+json\" class=\"yoast-schema-graph\">{\"@context\":\"https:\\\/\\\/schema.org\",\"@graph\":[{\"@type\":\"WebPage\",\"@id\":\"https:\\\/\\\/mobire.ee\\\/ru\\\/mobire-kampaania-kasutatud-autode-taisteenusrendi-eripakkumine-tingimused\\\/\",\"url\":\"https:\\\/\\\/mobire.ee\\\/ru\\\/mobire-kampaania-kasutatud-autode-taisteenusrendi-eripakkumine-tingimused\\\/\",\"name\":\"Mobire kampaania\u00a0 \u201eKasutatud autode t\u00e4isteenusrendi eripakkumine\u201d tingimused | Mobire\",\"isPartOf\":{\"@id\":\"https:\\\/\\\/mobire.ee\\\/ru\\\/#website\"},\"datePublished\":\"2026-04-10T07:09:43+00:00\",\"dateModified\":\"2026-04-10T07:10:04+00:00\",\"breadcrumb\":{\"@id\":\"https:\\\/\\\/mobire.ee\\\/ru\\\/mobire-kampaania-kasutatud-autode-taisteenusrendi-eripakkumine-tingimused\\\/#breadcrumb\"},\"inLanguage\":\"ru-RU\",\"potentialAction\":[{\"@type\":\"ReadAction\",\"target\":[\"https:\\\/\\\/mobire.ee\\\/ru\\\/mobire-kampaania-kasutatud-autode-taisteenusrendi-eripakkumine-tingimused\\\/\"]}]},{\"@type\":\"BreadcrumbList\",\"@id\":\"https:\\\/\\\/mobire.ee\\\/ru\\\/mobire-kampaania-kasutatud-autode-taisteenusrendi-eripakkumine-tingimused\\\/#breadcrumb\",\"itemListElement\":[{\"@type\":\"ListItem\",\"position\":1,\"name\":\"\u0413\u043b\u0430\u0432\u043d\u0430\u044f \u0441\u0442\u0440\u0430\u043d\u0438\u0446\u0430\",\"item\":\"https:\\\/\\\/mobire.ee\\\/ru\\\/\"},{\"@type\":\"ListItem\",\"position\":2,\"name\":\"Mobire kampaania\u00a0 \u201eKasutatud autode t\u00e4isteenusrendi eripakkumine\u201d tingimused\"}]},{\"@type\":\"WebSite\",\"@id\":\"https:\\\/\\\/mobire.ee\\\/ru\\\/#website\",\"url\":\"https:\\\/\\\/mobire.ee\\\/ru\\\/\",\"name\":\"Mobire\",\"description\":\"Mobire\",\"publisher\":{\"@id\":\"https:\\\/\\\/mobire.ee\\\/ru\\\/#organization\"},\"potentialAction\":[{\"@type\":\"SearchAction\",\"target\":{\"@type\":\"EntryPoint\",\"urlTemplate\":\"https:\\\/\\\/mobire.ee\\\/ru\\\/?s={search_term_string}\"},\"query-input\":{\"@type\":\"PropertyValueSpecification\",\"valueRequired\":true,\"valueName\":\"search_term_string\"}}],\"inLanguage\":\"ru-RU\"},{\"@type\":\"Organization\",\"@id\":\"https:\\\/\\\/mobire.ee\\\/ru\\\/#organization\",\"name\":\"Mobire\",\"url\":\"https:\\\/\\\/mobire.ee\\\/ru\\\/\",\"logo\":{\"@type\":\"ImageObject\",\"inLanguage\":\"ru-RU\",\"@id\":\"https:\\\/\\\/mobire.ee\\\/ru\\\/#\\\/schema\\\/logo\\\/image\\\/\",\"url\":\"https:\\\/\\\/mobire.ee\\\/wp-content\\\/uploads\\\/2020\\\/09\\\/mobire_logo.png\",\"contentUrl\":\"https:\\\/\\\/mobire.ee\\\/wp-content\\\/uploads\\\/2020\\\/09\\\/mobire_logo.png\",\"width\":659,\"height\":171,\"caption\":\"Mobire\"},\"image\":{\"@id\":\"https:\\\/\\\/mobire.ee\\\/ru\\\/#\\\/schema\\\/logo\\\/image\\\/\"}}]}<\/script>\n<!-- \/ Yoast SEO plugin. -->","yoast_head_json":{"title":"Mobire kampaania\u00a0 \u201eKasutatud autode t\u00e4isteenusrendi eripakkumine\u201d tingimused | Mobire","robots":{"index":"index","follow":"follow","max-snippet":"max-snippet:-1","max-image-preview":"max-image-preview:large","max-video-preview":"max-video-preview:-1"},"canonical":"https:\/\/mobire.ee\/ru\/mobire-kampaania-kasutatud-autode-taisteenusrendi-eripakkumine-tingimused\/","og_locale":"ru_RU","og_type":"article","og_title":"Mobire kampaania\u00a0 \u201eKasutatud autode t\u00e4isteenusrendi eripakkumine\u201d tingimused | Mobire","og_description":"1. Kampaania \u00fcldtingimused1.1. Kampaania \u201eKasutatud autode t\u00e4isteenusrendi eripakkumine\u201c (edaspidi Kampaania) toimub ajavahemikus 1. aprill 2026 kuni 31. detsember 2026 (kaasa arvatud).1.2. Kampaania korraldajaks on Mobire Eesti AS, reg\u00a0kood 10814092, aadress M\u00e4ealuse 2\/3, 12618 Tallinn (edaspidi Korraldaja).1.3. Kampaania raames annab Korraldaja valitud v\u00e4hekasutatud s\u00f5idukeid t\u00e4isteenusrendile soodsama kuumaksega vastavalt k\u00e4esolevatele Kampaania tingimustele.1.4. K\u00e4esolevad Kampaania tingimused on eritingimused [&hellip;]","og_url":"https:\/\/mobire.ee\/ru\/mobire-kampaania-kasutatud-autode-taisteenusrendi-eripakkumine-tingimused\/","og_site_name":"Mobire","article_modified_time":"2026-04-10T07:10:04+00:00","twitter_card":"summary_large_image","twitter_misc":{"\u041f\u0440\u0438\u043c\u0435\u0440\u043d\u043e\u0435 \u0432\u0440\u0435\u043c\u044f \u0434\u043b\u044f \u0447\u0442\u0435\u043d\u0438\u044f":"2 \u043c\u0438\u043d\u0443\u0442\u044b"},"schema":{"@context":"https:\/\/schema.org","@graph":[{"@type":"WebPage","@id":"https:\/\/mobire.ee\/ru\/mobire-kampaania-kasutatud-autode-taisteenusrendi-eripakkumine-tingimused\/","url":"https:\/\/mobire.ee\/ru\/mobire-kampaania-kasutatud-autode-taisteenusrendi-eripakkumine-tingimused\/","name":"Mobire kampaania\u00a0 \u201eKasutatud autode t\u00e4isteenusrendi eripakkumine\u201d tingimused | Mobire","isPartOf":{"@id":"https:\/\/mobire.ee\/ru\/#website"},"datePublished":"2026-04-10T07:09:43+00:00","dateModified":"2026-04-10T07:10:04+00:00","breadcrumb":{"@id":"https:\/\/mobire.ee\/ru\/mobire-kampaania-kasutatud-autode-taisteenusrendi-eripakkumine-tingimused\/#breadcrumb"},"inLanguage":"ru-RU","potentialAction":[{"@type":"ReadAction","target":["https:\/\/mobire.ee\/ru\/mobire-kampaania-kasutatud-autode-taisteenusrendi-eripakkumine-tingimused\/"]}]},{"@type":"BreadcrumbList","@id":"https:\/\/mobire.ee\/ru\/mobire-kampaania-kasutatud-autode-taisteenusrendi-eripakkumine-tingimused\/#breadcrumb","itemListElement":[{"@type":"ListItem","position":1,"name":"\u0413\u043b\u0430\u0432\u043d\u0430\u044f \u0441\u0442\u0440\u0430\u043d\u0438\u0446\u0430","item":"https:\/\/mobire.ee\/ru\/"},{"@type":"ListItem","position":2,"name":"Mobire kampaania\u00a0 \u201eKasutatud autode t\u00e4isteenusrendi eripakkumine\u201d tingimused"}]},{"@type":"WebSite","@id":"https:\/\/mobire.ee\/ru\/#website","url":"https:\/\/mobire.ee\/ru\/","name":"Mobire","description":"Mobire","publisher":{"@id":"https:\/\/mobire.ee\/ru\/#organization"},"potentialAction":[{"@type":"SearchAction","target":{"@type":"EntryPoint","urlTemplate":"https:\/\/mobire.ee\/ru\/?s={search_term_string}"},"query-input":{"@type":"PropertyValueSpecification","valueRequired":true,"valueName":"search_term_string"}}],"inLanguage":"ru-RU"},{"@type":"Organization","@id":"https:\/\/mobire.ee\/ru\/#organization","name":"Mobire","url":"https:\/\/mobire.ee\/ru\/","logo":{"@type":"ImageObject","inLanguage":"ru-RU","@id":"https:\/\/mobire.ee\/ru\/#\/schema\/logo\/image\/","url":"https:\/\/mobire.ee\/wp-content\/uploads\/2020\/09\/mobire_logo.png","contentUrl":"https:\/\/mobire.ee\/wp-content\/uploads\/2020\/09\/mobire_logo.png","width":659,"height":171,"caption":"Mobire"},"image":{"@id":"https:\/\/mobire.ee\/ru\/#\/schema\/logo\/image\/"}}]}}}